{"id":2847,"date":"2025-07-29T10:39:16","date_gmt":"2025-07-29T08:39:16","guid":{"rendered":"https:\/\/flam.ch\/und-auch\/"},"modified":"2025-12-12T16:43:59","modified_gmt":"2025-12-12T14:43:59","slug":"und-auch","status":"publish","type":"page","link":"https:\/\/flam.ch\/de\/und-auch\/","title":{"rendered":"Und auch"},"content":{"rendered":"\t\t<div data-elementor-type=\"wp-page\" data-elementor-id=\"2847\" class=\"elementor elementor-2847 elementor-35\" data-elementor-post-type=\"page\">\n\t\t\t\t<div data-dce-background-image-url=\"https:\/\/flam.ch\/wp-content\/uploads\/2025\/07\/FLAM01.jpg\" class=\"elementor-element elementor-element-903c4a2 e-flex e-con-boxed e-con e-parent\" data-id=\"903c4a2\" data-element_type=\"container\" data-e-type=\"container\" data-settings=\"{&quot;background_background&quot;:&quot;classic&quot;}\">\n\t\t\t\t\t<div class=\"e-con-inner\">\n\t\t\t\t<div class=\"elementor-element elementor-element-5ec34db elementor-widget__width-inherit elementor-widget elementor-widget-heading\" data-id=\"5ec34db\" data-element_type=\"widget\" data-e-type=\"widget\" data-widget_type=\"heading.default\">\n\t\t\t\t\t<h2 class=\"elementor-heading-title elementor-size-default\">Und auch<\/h2>\t\t\t\t<\/div>\n\t\t\t\t\t<\/div>\n\t\t\t\t<\/div>\n\t\t<div data-dce-background-overlay-color=\"#FFFFFF00\" data-dce-background-image-url=\"https:\/\/flam.ch\/wp-content\/uploads\/2025\/07\/FLAM-background.jpg\" class=\"elementor-element elementor-element-bd01261 e-con-full right-padding e-flex e-con e-parent\" data-id=\"bd01261\" data-element_type=\"container\" data-e-type=\"container\" data-settings=\"{&quot;background_background&quot;:&quot;classic&quot;}\">\n\t\t<div class=\"elementor-element elementor-element-115112d e-con-full e-flex e-con e-child\" data-id=\"115112d\" data-element_type=\"container\" data-e-type=\"container\" id=\"sidebar\">\n\t\t\t\t<div data-dce-title-color=\"#434A4C\" class=\"elementor-element elementor-element-cb80434 elementor-widget elementor-widget-heading\" data-id=\"cb80434\" data-element_type=\"widget\" data-e-type=\"widget\" data-widget_type=\"heading.default\">\n\t\t\t\t\t<h2 class=\"elementor-heading-title elementor-size-default\">Und auch<\/h2>\t\t\t\t<\/div>\n\t\t\t\t<div class=\"elementor-element elementor-element-ecaf0b8 elementor-widget__width-inherit elementor-widget-divider--view-line elementor-widget elementor-widget-divider\" data-id=\"ecaf0b8\" data-element_type=\"widget\" data-e-type=\"widget\" data-widget_type=\"divider.default\">\n\t\t\t\t\t\t\t<div class=\"elementor-divider\">\n\t\t\t<span class=\"elementor-divider-separator\">\n\t\t\t\t\t\t<\/span>\n\t\t<\/div>\n\t\t\t\t\t\t<\/div>\n\t\t\t\t<div class=\"elementor-element elementor-element-85a2c57 elementor-widget elementor-widget-wp-widget-nav_menu\" data-id=\"85a2c57\" data-element_type=\"widget\" data-e-type=\"widget\" data-widget_type=\"wp-widget-nav_menu.default\">\n\t\t\t\t<div class=\"elementor-widget-container\">\n\t\t\t\t\t<nav class=\"menu-sidebar-et-aussi-german-container\" aria-label=\"Men\u00fc\"><ul id=\"menu-sidebar-et-aussi-german\" class=\"menu\"><li id=\"menu-item-2980\" class=\"menu-item menu-item-type-post_type menu-item-object-page menu-item-2980\"><a href=\"https:\/\/flam.ch\/de\/und-auch\/aktivitaeten\/\">Aktivit\u00e4ten<\/a><\/li>\n<li id=\"menu-item-2981\" class=\"menu-item menu-item-type-post_type menu-item-object-page menu-item-2981\"><a href=\"https:\/\/flam.ch\/de\/und-auch\/frankophone-kulturaktivitaeten\/\">Frankophone Kulturaktivit\u00e4ten<\/a><\/li>\n<li id=\"menu-item-2982\" class=\"menu-item menu-item-type-post_type menu-item-object-page menu-item-2982\"><a href=\"https:\/\/flam.ch\/de\/und-auch\/franzoesischsprachige-akteure-in-zuerich-umgebung\/\">Franz\u00f6sischsprachige Akteure in Z\u00fcrich &amp; Umgebung<\/a><\/li>\n<li id=\"menu-item-2983\" class=\"menu-item menu-item-type-post_type menu-item-object-page menu-item-2983\"><a href=\"https:\/\/flam.ch\/de\/und-auch\/franzoesische-verwaltungen-in-der-schweiz\/\">Franz\u00f6sische Verwaltungen in der Schweiz<\/a><\/li>\n<\/ul><\/nav>\t\t\t\t<\/div>\n\t\t\t\t<\/div>\n\t\t\t\t<\/div>\n\t\t<div class=\"elementor-element elementor-element-a39f5b5 e-con-full e-flex e-con e-child\" data-id=\"a39f5b5\" data-element_type=\"container\" data-e-type=\"container\">\n\t\t\t\t<div class=\"elementor-element elementor-element-ee8b87b elementor-widget__width-inherit elementor-widget elementor-widget-heading\" data-id=\"ee8b87b\" data-element_type=\"widget\" data-e-type=\"widget\" data-widget_type=\"heading.default\">\n\t\t\t\t\t<h2 class=\"elementor-heading-title elementor-size-default\">Frankophone Kulturaktivit\u00e4ten<\/h2>\t\t\t\t<\/div>\n\t\t<div class=\"elementor-element elementor-element-6719747 e-con-full e-flex e-con e-child\" data-id=\"6719747\" data-element_type=\"container\" data-e-type=\"container\">\n\t\t\t\t<div class=\"elementor-element elementor-element-24e0ad1 elementor-widget elementor-widget-image\" data-id=\"24e0ad1\" data-element_type=\"widget\" data-e-type=\"widget\" data-widget_type=\"image.default\">\n\t\t\t\t\t\t\t\t\t\t\t\t\t\t\t<img decoding=\"async\" width=\"140\" height=\"200\" src=\"https:\/\/flam.ch\/wp-content\/uploads\/2025\/09\/fillefondrouge.jpg\" class=\"attachment-large size-large wp-image-2848\" alt=\"\" \/>\t\t\t\t\t\t\t\t\t\t\t\t\t\t\t<\/div>\n\t\t<div class=\"elementor-element elementor-element-fdd89ca e-con-full e-flex e-con e-child\" data-id=\"fdd89ca\" data-element_type=\"container\" data-e-type=\"container\">\n\t\t\t\t<div class=\"elementor-element elementor-element-e657329 elementor-widget elementor-widget-heading\" data-id=\"e657329\" data-element_type=\"widget\" data-e-type=\"widget\" data-widget_type=\"heading.default\">\n\t\t\t\t\t<h3 class=\"elementor-heading-title elementor-size-default\">FLIEGENDER TEPPICH<\/h3>\t\t\t\t<\/div>\n\t\t\t\t<div class=\"elementor-element elementor-element-984be58 elementor-widget-divider--view-line elementor-widget elementor-widget-divider\" data-id=\"984be58\" data-element_type=\"widget\" data-e-type=\"widget\" data-widget_type=\"divider.default\">\n\t\t\t\t\t\t\t<div class=\"elementor-divider\">\n\t\t\t<span class=\"elementor-divider-separator\">\n\t\t\t\t\t\t<\/span>\n\t\t<\/div>\n\t\t\t\t\t\t<\/div>\n\t\t\t\t<div class=\"elementor-element elementor-element-69849af elementor-widget elementor-widget-text-editor\" data-id=\"69849af\" data-element_type=\"widget\" data-e-type=\"widget\" data-widget_type=\"text-editor.default\">\n\t\t\t\t\t\t\t\t\t<p><strong>Reihe von franz\u00f6sischsprachigen Auff\u00fchrungen f\u00fcr Kinder<\/strong>, verwaltet und organisiert vom Verein \u201eTapis Volant\u201c.<\/p><h6><a href=\"http:\/\/www.tapisvolant.ch\/\" target=\"_blank\" rel=\"noopener nofollow\">ww.tapisvolantch<\/a><\/h6>\t\t\t\t\t\t\t\t<\/div>\n\t\t\t\t<\/div>\n\t\t\t\t<\/div>\n\t\t\t\t<\/div>\n\t\t\t\t<\/div>\n\t\t\t\t<\/div>\n\t\t","protected":false},"excerpt":{"rendered":"<p>Und auch Frankophone Kulturaktivit\u00e4ten FLIEGENDER TEPPICH Reihe von franz\u00f6sischsprachigen Auff\u00fchrungen f\u00fcr Kinder, verwaltet und organisiert vom Verein \u201eTapis Volant\u201c. ww.tapisvolantch<\/p>\n","protected":false},"author":1,"featured_media":0,"parent":0,"menu_order":0,"comment_status":"closed","ping_status":"closed","template":"","meta":{"footnotes":""},"class_list":["post-2847","page","type-page","status-publish","hentry"],"_links":{"self":[{"href":"https:\/\/flam.ch\/de\/wp-json\/wp\/v2\/pages\/2847","targetHints":{"allow":["GET"]}}],"collection":[{"href":"https:\/\/flam.ch\/de\/wp-json\/wp\/v2\/pages"}],"about":[{"href":"https:\/\/flam.ch\/de\/wp-json\/wp\/v2\/types\/page"}],"author":[{"embeddable":true,"href":"https:\/\/flam.ch\/de\/wp-json\/wp\/v2\/users\/1"}],"replies":[{"embeddable":true,"href":"https:\/\/flam.ch\/de\/wp-json\/wp\/v2\/comments?post=2847"}],"version-history":[{"count":3,"href":"https:\/\/flam.ch\/de\/wp-json\/wp\/v2\/pages\/2847\/revisions"}],"predecessor-version":[{"id":3109,"href":"https:\/\/flam.ch\/de\/wp-json\/wp\/v2\/pages\/2847\/revisions\/3109"}],"wp:attachment":[{"href":"https:\/\/flam.ch\/de\/wp-json\/wp\/v2\/media?parent=2847"}],"curies":[{"name":"wp","href":"https:\/\/api.w.org\/{rel}","templated":true}]}}