{"id":2849,"date":"2025-07-29T10:39:07","date_gmt":"2025-07-29T08:39:07","guid":{"rendered":"https:\/\/flam.ch\/geschichte\/"},"modified":"2025-12-12T16:43:57","modified_gmt":"2025-12-12T14:43:57","slug":"geschichte","status":"publish","type":"page","link":"https:\/\/flam.ch\/de\/geschichte\/","title":{"rendered":"Geschichte"},"content":{"rendered":"\t\t<div data-elementor-type=\"wp-page\" data-elementor-id=\"2849\" class=\"elementor elementor-2849 elementor-33\" data-elementor-post-type=\"page\">\n\t\t\t\t<div data-dce-background-image-url=\"https:\/\/flam.ch\/wp-content\/uploads\/2025\/07\/FLAM01.jpg\" class=\"elementor-element elementor-element-e585631 e-flex e-con-boxed e-con e-parent\" data-id=\"e585631\" data-element_type=\"container\" data-e-type=\"container\" data-settings=\"{&quot;background_background&quot;:&quot;classic&quot;}\">\n\t\t\t\t\t<div class=\"e-con-inner\">\n\t\t\t\t<div class=\"elementor-element elementor-element-e3f7d87 elementor-widget__width-inherit elementor-widget elementor-widget-heading\" data-id=\"e3f7d87\" data-element_type=\"widget\" data-e-type=\"widget\" data-widget_type=\"heading.default\">\n\t\t\t\t\t<h2 class=\"elementor-heading-title elementor-size-default\">Geschichte<\/h2>\t\t\t\t<\/div>\n\t\t\t\t\t<\/div>\n\t\t\t\t<\/div>\n\t\t<div data-dce-background-overlay-color=\"#FFFFFF00\" data-dce-background-image-url=\"https:\/\/flam.ch\/wp-content\/uploads\/2025\/07\/FLAM-background.jpg\" class=\"elementor-element elementor-element-3e748a7 e-flex e-con-boxed e-con e-parent\" data-id=\"3e748a7\" data-element_type=\"container\" data-e-type=\"container\" data-settings=\"{&quot;background_background&quot;:&quot;classic&quot;}\">\n\t\t\t\t\t<div class=\"e-con-inner\">\n\t\t\t\t<div class=\"elementor-element elementor-element-bdc594f elementor-widget__width-inherit elementor-widget elementor-widget-heading\" data-id=\"bdc594f\" data-element_type=\"widget\" data-e-type=\"widget\" data-widget_type=\"heading.default\">\n\t\t\t\t\t<h2 class=\"elementor-heading-title elementor-size-default\">FLAM-Kurse \u2013 Franz\u00f6sisch als Muttersprache<\/h2>\t\t\t\t<\/div>\n\t\t\t\t<div class=\"elementor-element elementor-element-41fe549 elementor-widget elementor-widget-text-editor\" data-id=\"41fe549\" data-element_type=\"widget\" data-e-type=\"widget\" data-widget_type=\"text-editor.default\">\n\t\t\t\t\t\t\t\t\t<div id=\"panel-467-3-0-0\" class=\"so-panel widget widget_sow-editor panel-first-child\" data-index=\"3\"><div class=\"so-widget-sow-editor so-widget-sow-editor-base\"><div class=\"siteorigin-widget-tinymce textwidget\"><p>Dank der Unterst\u00fctzung des Bildungsrates des Kantons Z\u00fcrich organisiert <strong>der Verein \u201eFLAM-Kurse \u2013 Franz\u00f6sisch als Muttersprache\u201c<\/strong> Franz\u00f6sischkurse f\u00fcr franz\u00f6sischsprachige Kinder, die im Z\u00fcrcher Schulsystem eingeschult sind (Kinderg\u00e4rten und Primarschulen).<\/p><p>Diese Kurse sind Teil des Programms Kurse in Heimatlicher Sprache und Kultur (HSK) und sind von der Bildungsdirektion des Kantons Z\u00fcrich anerkannt.<br>Sie sind auch Teil des <a href=\"http:\/\/www.programme-flam.fr\/\" rel=\"nofollow noopener\" target=\"_blank\">\u201e<\/a><a href=\"http:\/\/www.associations-flam.fr\/\" target=\"_blank\" rel=\"noopener nofollow\">FLAM-Programms<\/a><a href=\"http:\/\/www.programme-flam.fr\/\" rel=\"nofollow noopener\" target=\"_blank\">\u201c<\/a> zur Festigung der franz\u00f6sischen Muttersprache f\u00fcr Kinder franz\u00f6sischer Expatriate-Gemeinschaften, ein Programm, das von der <a href=\"http:\/\/www.aefe.fr\/\" target=\"_blank\" rel=\"noopener nofollow\">Agence pour l\u2019Enseignement Fran\u00e7ais \u00e0 l\u2019\u00c9tranger<\/a> (AEFE) verwaltet wird.<\/p><p>Weitere Kurse zur F\u00f6rderung und Entwicklung der franz\u00f6sischen Sprache k\u00f6nnen auch au\u00dferhalb der HSK-Kursstruktur angeboten werden.<\/p><p>Ziel der Kurse ist es, den Kindern die Freude zu vermitteln, ihre Herkunftssprache zu praktizieren und zu vertiefen und sich der Frankophonie zu \u00f6ffnen.<\/p><p>Der Unterricht ist gemeinn\u00fctzig sowie politisch und konfessionell neutral. Die Franz\u00f6sischkurse stehen allen franz\u00f6sischsprachigen Kindern offen, unabh\u00e4ngig von ihrer Nationalit\u00e4t. <a href=\"https:\/\/flam.ch\/niveaux\/formation-des-classes\/\" target=\"_blank\" rel=\"noopener\">Welcher Kurs f\u00fcr mein Kind?<\/a><\/p><\/div><\/div><\/div>\t\t\t\t\t\t\t\t<\/div>\n\t\t\t\t\t<\/div>\n\t\t\t\t<\/div>\n\t\t\t\t<\/div>\n\t\t","protected":false},"excerpt":{"rendered":"<p>FLAM-Kurse \u2013 Franz\u00f6sisch als Muttersprache Dank der Unterst\u00fctzung des Bildungsrates des Kantons Z\u00fcrich organisiert der Verein \u201eFLAM-Kurse \u2013 Franz\u00f6sisch als Muttersprache\u201c Franz\u00f6sischkurse f\u00fcr franz\u00f6sischsprachige Kinder, die im Z\u00fcrcher Schulsystem eingeschult sind (Kinderg\u00e4rten und Primarschulen). Diese Kurse sind Teil des Programms Kurse in Heimatlicher Sprache und Kultur (HSK) und sind von der Bildungsdirektion des Kantons Z\u00fcrich [&hellip;]<\/p>\n","protected":false},"author":1,"featured_media":0,"parent":0,"menu_order":0,"comment_status":"closed","ping_status":"closed","template":"","meta":{"footnotes":""},"class_list":["post-2849","page","type-page","status-publish","hentry"],"_links":{"self":[{"href":"https:\/\/flam.ch\/de\/wp-json\/wp\/v2\/pages\/2849","targetHints":{"allow":["GET"]}}],"collection":[{"href":"https:\/\/flam.ch\/de\/wp-json\/wp\/v2\/pages"}],"about":[{"href":"https:\/\/flam.ch\/de\/wp-json\/wp\/v2\/types\/page"}],"author":[{"embeddable":true,"href":"https:\/\/flam.ch\/de\/wp-json\/wp\/v2\/users\/1"}],"replies":[{"embeddable":true,"href":"https:\/\/flam.ch\/de\/wp-json\/wp\/v2\/comments?post=2849"}],"version-history":[{"count":3,"href":"https:\/\/flam.ch\/de\/wp-json\/wp\/v2\/pages\/2849\/revisions"}],"predecessor-version":[{"id":3108,"href":"https:\/\/flam.ch\/de\/wp-json\/wp\/v2\/pages\/2849\/revisions\/3108"}],"wp:attachment":[{"href":"https:\/\/flam.ch\/de\/wp-json\/wp\/v2\/media?parent=2849"}],"curies":[{"name":"wp","href":"https:\/\/api.w.org\/{rel}","templated":true}]}}