{"id":2863,"date":"2025-09-08T13:26:43","date_gmt":"2025-09-08T11:26:43","guid":{"rendered":"https:\/\/flam.ch\/und-auch\/franzoesische-verwaltungen-in-der-schweiz\/"},"modified":"2025-12-12T16:43:59","modified_gmt":"2025-12-12T14:43:59","slug":"franzoesische-verwaltungen-in-der-schweiz","status":"publish","type":"page","link":"https:\/\/flam.ch\/de\/und-auch\/franzoesische-verwaltungen-in-der-schweiz\/","title":{"rendered":"Franz\u00f6sische Verwaltungen in der Schweiz"},"content":{"rendered":"\t\t<div data-elementor-type=\"wp-page\" data-elementor-id=\"2863\" class=\"elementor elementor-2863 elementor-2499\" data-elementor-post-type=\"page\">\n\t\t\t\t<div data-dce-background-image-url=\"https:\/\/flam.ch\/wp-content\/uploads\/2025\/07\/FLAM01.jpg\" class=\"elementor-element elementor-element-3a83b40b e-flex e-con-boxed e-con e-parent\" data-id=\"3a83b40b\" data-element_type=\"container\" data-e-type=\"container\" data-settings=\"{&quot;background_background&quot;:&quot;classic&quot;}\">\n\t\t\t\t\t<div class=\"e-con-inner\">\n\t\t\t\t<div class=\"elementor-element elementor-element-5d567c73 elementor-widget__width-inherit elementor-widget elementor-widget-heading\" data-id=\"5d567c73\" data-element_type=\"widget\" data-e-type=\"widget\" data-widget_type=\"heading.default\">\n\t\t\t\t\t<h2 class=\"elementor-heading-title elementor-size-default\">Franz\u00f6sische Verwaltungen in der Schweiz<\/h2>\t\t\t\t<\/div>\n\t\t\t\t\t<\/div>\n\t\t\t\t<\/div>\n\t\t<div data-dce-background-overlay-color=\"#FFFFFF00\" data-dce-background-image-url=\"https:\/\/flam.ch\/wp-content\/uploads\/2025\/07\/FLAM-background.jpg\" class=\"elementor-element elementor-element-8a9b03b e-con-full right-padding e-flex e-con e-parent\" data-id=\"8a9b03b\" data-element_type=\"container\" data-e-type=\"container\" data-settings=\"{&quot;background_background&quot;:&quot;classic&quot;}\">\n\t\t<div class=\"elementor-element elementor-element-5158ce89 e-con-full e-flex e-con e-child\" data-id=\"5158ce89\" data-element_type=\"container\" data-e-type=\"container\" id=\"sidebar\">\n\t\t\t\t<div data-dce-title-color=\"#434A4C\" class=\"elementor-element elementor-element-d2a1e69 elementor-widget elementor-widget-heading\" data-id=\"d2a1e69\" data-element_type=\"widget\" data-e-type=\"widget\" data-widget_type=\"heading.default\">\n\t\t\t\t\t<h2 class=\"elementor-heading-title elementor-size-default\">Und auch<\/h2>\t\t\t\t<\/div>\n\t\t\t\t<div class=\"elementor-element elementor-element-46b6d903 elementor-widget__width-inherit elementor-widget-divider--view-line elementor-widget elementor-widget-divider\" data-id=\"46b6d903\" data-element_type=\"widget\" data-e-type=\"widget\" data-widget_type=\"divider.default\">\n\t\t\t\t\t\t\t<div class=\"elementor-divider\">\n\t\t\t<span class=\"elementor-divider-separator\">\n\t\t\t\t\t\t<\/span>\n\t\t<\/div>\n\t\t\t\t\t\t<\/div>\n\t\t\t\t<div class=\"elementor-element elementor-element-7af55f9f elementor-widget elementor-widget-wp-widget-nav_menu\" data-id=\"7af55f9f\" data-element_type=\"widget\" data-e-type=\"widget\" data-widget_type=\"wp-widget-nav_menu.default\">\n\t\t\t\t<div class=\"elementor-widget-container\">\n\t\t\t\t\t<nav class=\"menu-sidebar-et-aussi-german-container\" aria-label=\"Men\u00fc\"><ul id=\"menu-sidebar-et-aussi-german\" class=\"menu\"><li id=\"menu-item-2980\" class=\"menu-item menu-item-type-post_type menu-item-object-page menu-item-2980\"><a href=\"https:\/\/flam.ch\/de\/und-auch\/aktivitaeten\/\">Aktivit\u00e4ten<\/a><\/li>\n<li id=\"menu-item-2981\" class=\"menu-item menu-item-type-post_type menu-item-object-page menu-item-2981\"><a href=\"https:\/\/flam.ch\/de\/und-auch\/frankophone-kulturaktivitaeten\/\">Frankophone Kulturaktivit\u00e4ten<\/a><\/li>\n<li id=\"menu-item-2982\" class=\"menu-item menu-item-type-post_type menu-item-object-page menu-item-2982\"><a href=\"https:\/\/flam.ch\/de\/und-auch\/franzoesischsprachige-akteure-in-zuerich-umgebung\/\">Franz\u00f6sischsprachige Akteure in Z\u00fcrich &amp; Umgebung<\/a><\/li>\n<li id=\"menu-item-2983\" class=\"menu-item menu-item-type-post_type menu-item-object-page menu-item-2983\"><a href=\"https:\/\/flam.ch\/de\/und-auch\/franzoesische-verwaltungen-in-der-schweiz\/\">Franz\u00f6sische Verwaltungen in der Schweiz<\/a><\/li>\n<\/ul><\/nav>\t\t\t\t<\/div>\n\t\t\t\t<\/div>\n\t\t\t\t<\/div>\n\t\t<div class=\"elementor-element elementor-element-3afd3d51 e-con-full e-flex e-con e-child\" data-id=\"3afd3d51\" data-element_type=\"container\" data-e-type=\"container\">\n\t\t\t\t<div class=\"elementor-element elementor-element-4196b2f5 elementor-widget__width-inherit elementor-widget elementor-widget-heading\" data-id=\"4196b2f5\" data-element_type=\"widget\" data-e-type=\"widget\" data-widget_type=\"heading.default\">\n\t\t\t\t\t<h2 class=\"elementor-heading-title elementor-size-default\">FRANZ\u00d6SISCHE VERWALTUNGEN IN DER SCHWEIZ<\/h2>\t\t\t\t<\/div>\n\t\t<div class=\"elementor-element elementor-element-729b53e3 e-con-full e-flex e-con e-child\" data-id=\"729b53e3\" data-element_type=\"container\" data-e-type=\"container\">\n\t\t\t\t<div class=\"elementor-element elementor-element-4fe37077 elementor-widget__width-initial elementor-widget elementor-widget-image\" data-id=\"4fe37077\" data-element_type=\"widget\" data-e-type=\"widget\" data-widget_type=\"image.default\">\n\t\t\t\t\t\t\t\t\t\t\t\t\t\t\t<img decoding=\"async\" width=\"91\" height=\"91\" src=\"https:\/\/flam.ch\/wp-content\/uploads\/2025\/09\/logo-ministere.png\" class=\"attachment-large size-large wp-image-2865\" alt=\"\" \/>\t\t\t\t\t\t\t\t\t\t\t\t\t\t\t<\/div>\n\t\t<div class=\"elementor-element elementor-element-eb4404f e-con-full e-flex e-con e-child\" data-id=\"eb4404f\" data-element_type=\"container\" data-e-type=\"container\">\n\t\t\t\t<div class=\"elementor-element elementor-element-b9c1d02 elementor-widget elementor-widget-heading\" data-id=\"b9c1d02\" data-element_type=\"widget\" data-e-type=\"widget\" data-widget_type=\"heading.default\">\n\t\t\t\t\t<h3 class=\"elementor-heading-title elementor-size-default\">FRANZ\u00d6SISCHE BOTSCHAFT IN DER SCHWEIZ<\/h3>\t\t\t\t<\/div>\n\t\t\t\t<div class=\"elementor-element elementor-element-7e7d9df9 elementor-widget-divider--view-line elementor-widget elementor-widget-divider\" data-id=\"7e7d9df9\" data-element_type=\"widget\" data-e-type=\"widget\" data-widget_type=\"divider.default\">\n\t\t\t\t\t\t\t<div class=\"elementor-divider\">\n\t\t\t<span class=\"elementor-divider-separator\">\n\t\t\t\t\t\t<\/span>\n\t\t<\/div>\n\t\t\t\t\t\t<\/div>\n\t\t\t\t<div class=\"elementor-element elementor-element-39be8e3c elementor-widget elementor-widget-text-editor\" data-id=\"39be8e3c\" data-element_type=\"widget\" data-e-type=\"widget\" data-widget_type=\"text-editor.default\">\n\t\t\t\t\t\t\t\t\t<p>Schosshaldenstrasse 46 &#8211; 3006 Bern<\/p><h6><a href=\"http:\/\/www.ambafrance-ch.org\/\" target=\"_blank\" rel=\"noopener nofollow\">www.ambafrance-ch.org<\/a><\/h6>\t\t\t\t\t\t\t\t<\/div>\n\t\t\t\t<\/div>\n\t\t\t\t<\/div>\n\t\t<div class=\"elementor-element elementor-element-704a39cc e-con-full e-flex e-con e-child\" data-id=\"704a39cc\" data-element_type=\"container\" data-e-type=\"container\">\n\t\t\t\t<div class=\"elementor-element elementor-element-6d0e5473 elementor-widget__width-initial elementor-widget elementor-widget-image\" data-id=\"6d0e5473\" data-element_type=\"widget\" data-e-type=\"widget\" data-widget_type=\"image.default\">\n\t\t\t\t\t\t\t\t\t\t\t\t\t\t\t<img decoding=\"async\" width=\"91\" height=\"91\" src=\"https:\/\/flam.ch\/wp-content\/uploads\/2025\/09\/logo-ministere.png\" class=\"attachment-large size-large wp-image-2865\" alt=\"\" \/>\t\t\t\t\t\t\t\t\t\t\t\t\t\t\t<\/div>\n\t\t<div class=\"elementor-element elementor-element-1b93a8be e-con-full e-flex e-con e-child\" data-id=\"1b93a8be\" data-element_type=\"container\" data-e-type=\"container\">\n\t\t\t\t<div class=\"elementor-element elementor-element-1064408e elementor-widget elementor-widget-heading\" data-id=\"1064408e\" data-element_type=\"widget\" data-e-type=\"widget\" data-widget_type=\"heading.default\">\n\t\t\t\t\t<h3 class=\"elementor-heading-title elementor-size-default\">FRANZ\u00d6SISCHES GENERalkonsulat IN Z\u00dcRICH<\/h3>\t\t\t\t<\/div>\n\t\t\t\t<div class=\"elementor-element elementor-element-4497d943 elementor-widget-divider--view-line elementor-widget elementor-widget-divider\" data-id=\"4497d943\" data-element_type=\"widget\" data-e-type=\"widget\" data-widget_type=\"divider.default\">\n\t\t\t\t\t\t\t<div class=\"elementor-divider\">\n\t\t\t<span class=\"elementor-divider-separator\">\n\t\t\t\t\t\t<\/span>\n\t\t<\/div>\n\t\t\t\t\t\t<\/div>\n\t\t\t\t<div class=\"elementor-element elementor-element-2ca10f83 elementor-widget elementor-widget-text-editor\" data-id=\"2ca10f83\" data-element_type=\"widget\" data-e-type=\"widget\" data-widget_type=\"text-editor.default\">\n\t\t\t\t\t\t\t\t\t<p>Signaustrasse 1 &#8211; 8008 Z\u00fcrich<\/p><h6><a href=\"http:\/\/www.consulatfrance-zurich.org\/\" target=\"_blank\" rel=\"noopener nofollow\">www.consulatfrance-zurich.org<\/a><\/h6>\t\t\t\t\t\t\t\t<\/div>\n\t\t\t\t<\/div>\n\t\t\t\t<\/div>\n\t\t\t\t<\/div>\n\t\t\t\t<\/div>\n\t\t\t\t<\/div>\n\t\t","protected":false},"excerpt":{"rendered":"<p>Und auch FRANZ\u00d6SISCHE VERWALTUNGEN IN DER SCHWEIZ FRANZ\u00d6SISCHE BOTSCHAFT IN DER SCHWEIZ Schosshaldenstrasse 46 &#8211; 3006 Bern www.ambafrance-ch.org FRANZ\u00d6SISCHES GENERalkonsulat IN Z\u00dcRICH Signaustrasse 1 &#8211; 8008 Z\u00fcrich www.consulatfrance-zurich.org<\/p>\n","protected":false},"author":1,"featured_media":0,"parent":2847,"menu_order":0,"comment_status":"closed","ping_status":"closed","template":"","meta":{"footnotes":""},"class_list":["post-2863","page","type-page","status-publish","hentry"],"_links":{"self":[{"href":"https:\/\/flam.ch\/de\/wp-json\/wp\/v2\/pages\/2863","targetHints":{"allow":["GET"]}}],"collection":[{"href":"https:\/\/flam.ch\/de\/wp-json\/wp\/v2\/pages"}],"about":[{"href":"https:\/\/flam.ch\/de\/wp-json\/wp\/v2\/types\/page"}],"author":[{"embeddable":true,"href":"https:\/\/flam.ch\/de\/wp-json\/wp\/v2\/users\/1"}],"replies":[{"embeddable":true,"href":"https:\/\/flam.ch\/de\/wp-json\/wp\/v2\/comments?post=2863"}],"version-history":[{"count":5,"href":"https:\/\/flam.ch\/de\/wp-json\/wp\/v2\/pages\/2863\/revisions"}],"predecessor-version":[{"id":3116,"href":"https:\/\/flam.ch\/de\/wp-json\/wp\/v2\/pages\/2863\/revisions\/3116"}],"up":[{"embeddable":true,"href":"https:\/\/flam.ch\/de\/wp-json\/wp\/v2\/pages\/2847"}],"wp:attachment":[{"href":"https:\/\/flam.ch\/de\/wp-json\/wp\/v2\/media?parent=2863"}],"curies":[{"name":"wp","href":"https:\/\/api.w.org\/{rel}","templated":true}]}}