{"id":2867,"date":"2025-09-08T11:10:45","date_gmt":"2025-09-08T09:10:45","guid":{"rendered":"https:\/\/flam.ch\/und-auch\/frankophone-kulturaktivitaeten\/"},"modified":"2025-12-12T16:43:59","modified_gmt":"2025-12-12T14:43:59","slug":"frankophone-kulturaktivitaeten","status":"publish","type":"page","link":"https:\/\/flam.ch\/de\/und-auch\/frankophone-kulturaktivitaeten\/","title":{"rendered":"Frankophone Kulturaktivit\u00e4ten"},"content":{"rendered":"\t\t<div data-elementor-type=\"wp-page\" data-elementor-id=\"2867\" class=\"elementor elementor-2867 elementor-2419\" data-elementor-post-type=\"page\">\n\t\t\t\t<div data-dce-background-image-url=\"https:\/\/flam.ch\/wp-content\/uploads\/2025\/07\/FLAM01.jpg\" class=\"elementor-element elementor-element-54a4753 e-flex e-con-boxed e-con e-parent\" data-id=\"54a4753\" data-element_type=\"container\" data-e-type=\"container\" data-settings=\"{&quot;background_background&quot;:&quot;classic&quot;}\">\n\t\t\t\t\t<div class=\"e-con-inner\">\n\t\t\t\t<div class=\"elementor-element elementor-element-a863fc7 elementor-widget__width-inherit elementor-widget elementor-widget-heading\" data-id=\"a863fc7\" data-element_type=\"widget\" data-e-type=\"widget\" data-widget_type=\"heading.default\">\n\t\t\t\t\t<h2 class=\"elementor-heading-title elementor-size-default\">Frankophone Kulturaktivit\u00e4ten<\/h2>\t\t\t\t<\/div>\n\t\t\t\t\t<\/div>\n\t\t\t\t<\/div>\n\t\t<div data-dce-background-overlay-color=\"#FFFFFF00\" data-dce-background-image-url=\"https:\/\/flam.ch\/wp-content\/uploads\/2025\/07\/FLAM-background.jpg\" class=\"elementor-element elementor-element-7aae612 e-con-full right-padding e-flex e-con e-parent\" data-id=\"7aae612\" data-element_type=\"container\" data-e-type=\"container\" data-settings=\"{&quot;background_background&quot;:&quot;classic&quot;}\">\n\t\t<div class=\"elementor-element elementor-element-fd15158 e-con-full e-flex e-con e-child\" data-id=\"fd15158\" data-element_type=\"container\" data-e-type=\"container\" id=\"sidebar\">\n\t\t\t\t<div data-dce-title-color=\"#434A4C\" class=\"elementor-element elementor-element-33c7476 elementor-widget elementor-widget-heading\" data-id=\"33c7476\" data-element_type=\"widget\" data-e-type=\"widget\" data-widget_type=\"heading.default\">\n\t\t\t\t\t<h2 class=\"elementor-heading-title elementor-size-default\">Und auch<\/h2>\t\t\t\t<\/div>\n\t\t\t\t<div class=\"elementor-element elementor-element-68d50f4 elementor-widget__width-inherit elementor-widget-divider--view-line elementor-widget elementor-widget-divider\" data-id=\"68d50f4\" data-element_type=\"widget\" data-e-type=\"widget\" data-widget_type=\"divider.default\">\n\t\t\t\t\t\t\t<div class=\"elementor-divider\">\n\t\t\t<span class=\"elementor-divider-separator\">\n\t\t\t\t\t\t<\/span>\n\t\t<\/div>\n\t\t\t\t\t\t<\/div>\n\t\t\t\t<div class=\"elementor-element elementor-element-fff6a34 elementor-widget elementor-widget-wp-widget-nav_menu\" data-id=\"fff6a34\" data-element_type=\"widget\" data-e-type=\"widget\" data-widget_type=\"wp-widget-nav_menu.default\">\n\t\t\t\t<div class=\"elementor-widget-container\">\n\t\t\t\t\t<nav class=\"menu-sidebar-et-aussi-german-container\" aria-label=\"Men\u00fc\"><ul id=\"menu-sidebar-et-aussi-german\" class=\"menu\"><li id=\"menu-item-2980\" class=\"menu-item menu-item-type-post_type menu-item-object-page menu-item-2980\"><a href=\"https:\/\/flam.ch\/de\/und-auch\/aktivitaeten\/\">Aktivit\u00e4ten<\/a><\/li>\n<li id=\"menu-item-2981\" class=\"menu-item menu-item-type-post_type menu-item-object-page menu-item-2981\"><a href=\"https:\/\/flam.ch\/de\/und-auch\/frankophone-kulturaktivitaeten\/\">Frankophone Kulturaktivit\u00e4ten<\/a><\/li>\n<li id=\"menu-item-2982\" class=\"menu-item menu-item-type-post_type menu-item-object-page menu-item-2982\"><a href=\"https:\/\/flam.ch\/de\/und-auch\/franzoesischsprachige-akteure-in-zuerich-umgebung\/\">Franz\u00f6sischsprachige Akteure in Z\u00fcrich &amp; Umgebung<\/a><\/li>\n<li id=\"menu-item-2983\" class=\"menu-item menu-item-type-post_type menu-item-object-page menu-item-2983\"><a href=\"https:\/\/flam.ch\/de\/und-auch\/franzoesische-verwaltungen-in-der-schweiz\/\">Franz\u00f6sische Verwaltungen in der Schweiz<\/a><\/li>\n<\/ul><\/nav>\t\t\t\t<\/div>\n\t\t\t\t<\/div>\n\t\t\t\t<\/div>\n\t\t<div class=\"elementor-element elementor-element-5d40185 e-con-full e-flex e-con e-child\" data-id=\"5d40185\" data-element_type=\"container\" data-e-type=\"container\">\n\t\t\t\t<div class=\"elementor-element elementor-element-a12ff77 elementor-widget__width-inherit elementor-widget elementor-widget-heading\" data-id=\"a12ff77\" data-element_type=\"widget\" data-e-type=\"widget\" data-widget_type=\"heading.default\">\n\t\t\t\t\t<h2 class=\"elementor-heading-title elementor-size-default\">Frankophone Kulturaktivit\u00e4ten<\/h2>\t\t\t\t<\/div>\n\t\t<div class=\"elementor-element elementor-element-b9ebf08 e-con-full e-flex e-con e-child\" data-id=\"b9ebf08\" data-element_type=\"container\" data-e-type=\"container\">\n\t\t\t\t<div class=\"elementor-element elementor-element-7eca06c elementor-widget__width-initial elementor-widget elementor-widget-image\" data-id=\"7eca06c\" data-element_type=\"widget\" data-e-type=\"widget\" data-widget_type=\"image.default\">\n\t\t\t\t\t\t\t\t\t\t\t\t\t\t\t<img decoding=\"async\" width=\"140\" height=\"200\" src=\"https:\/\/flam.ch\/wp-content\/uploads\/2025\/09\/fillefondrouge.jpg\" class=\"attachment-large size-large wp-image-2848\" alt=\"\" \/>\t\t\t\t\t\t\t\t\t\t\t\t\t\t\t<\/div>\n\t\t<div class=\"elementor-element elementor-element-27128bc e-con-full e-flex e-con e-child\" data-id=\"27128bc\" data-element_type=\"container\" data-e-type=\"container\">\n\t\t\t\t<div class=\"elementor-element elementor-element-9330d99 elementor-widget elementor-widget-heading\" data-id=\"9330d99\" data-element_type=\"widget\" data-e-type=\"widget\" data-widget_type=\"heading.default\">\n\t\t\t\t\t<h3 class=\"elementor-heading-title elementor-size-default\">FLIEGENDER TEPPICH<\/h3>\t\t\t\t<\/div>\n\t\t\t\t<div class=\"elementor-element elementor-element-28832d3 elementor-widget-divider--view-line elementor-widget elementor-widget-divider\" data-id=\"28832d3\" data-element_type=\"widget\" data-e-type=\"widget\" data-widget_type=\"divider.default\">\n\t\t\t\t\t\t\t<div class=\"elementor-divider\">\n\t\t\t<span class=\"elementor-divider-separator\">\n\t\t\t\t\t\t<\/span>\n\t\t<\/div>\n\t\t\t\t\t\t<\/div>\n\t\t\t\t<div class=\"elementor-element elementor-element-a9cc0e2 elementor-widget elementor-widget-text-editor\" data-id=\"a9cc0e2\" data-element_type=\"widget\" data-e-type=\"widget\" data-widget_type=\"text-editor.default\">\n\t\t\t\t\t\t\t\t\t<p><strong>Reihe von franz\u00f6sischsprachigen Auff\u00fchrungen f\u00fcr Kinder<\/strong>, verwaltet und organisiert vom Verein \u201eTapis Volant\u201c.<\/p><h6><a href=\"http:\/\/www.tapisvolant.ch\/\" target=\"_blank\" rel=\"noopener nofollow\">ww.tapisvolantch<\/a><\/h6>\t\t\t\t\t\t\t\t<\/div>\n\t\t\t\t<\/div>\n\t\t\t\t<\/div>\n\t\t\t\t<\/div>\n\t\t\t\t<\/div>\n\t\t\t\t<\/div>\n\t\t","protected":false},"excerpt":{"rendered":"<p>Und auch Frankophone Kulturaktivit\u00e4ten FLIEGENDER TEPPICH Reihe von franz\u00f6sischsprachigen Auff\u00fchrungen f\u00fcr Kinder, verwaltet und organisiert vom Verein \u201eTapis Volant\u201c. ww.tapisvolantch<\/p>\n","protected":false},"author":1,"featured_media":0,"parent":2847,"menu_order":0,"comment_status":"closed","ping_status":"closed","template":"","meta":{"footnotes":""},"class_list":["post-2867","page","type-page","status-publish","hentry"],"_links":{"self":[{"href":"https:\/\/flam.ch\/de\/wp-json\/wp\/v2\/pages\/2867","targetHints":{"allow":["GET"]}}],"collection":[{"href":"https:\/\/flam.ch\/de\/wp-json\/wp\/v2\/pages"}],"about":[{"href":"https:\/\/flam.ch\/de\/wp-json\/wp\/v2\/types\/page"}],"author":[{"embeddable":true,"href":"https:\/\/flam.ch\/de\/wp-json\/wp\/v2\/users\/1"}],"replies":[{"embeddable":true,"href":"https:\/\/flam.ch\/de\/wp-json\/wp\/v2\/comments?post=2867"}],"version-history":[{"count":5,"href":"https:\/\/flam.ch\/de\/wp-json\/wp\/v2\/pages\/2867\/revisions"}],"predecessor-version":[{"id":3115,"href":"https:\/\/flam.ch\/de\/wp-json\/wp\/v2\/pages\/2867\/revisions\/3115"}],"up":[{"embeddable":true,"href":"https:\/\/flam.ch\/de\/wp-json\/wp\/v2\/pages\/2847"}],"wp:attachment":[{"href":"https:\/\/flam.ch\/de\/wp-json\/wp\/v2\/media?parent=2867"}],"curies":[{"name":"wp","href":"https:\/\/api.w.org\/{rel}","templated":true}]}}