{"id":2876,"date":"2025-07-29T10:38:36","date_gmt":"2025-07-29T08:38:36","guid":{"rendered":"https:\/\/flam.ch\/und-auch\/aktivitaeten\/"},"modified":"2025-12-12T16:43:59","modified_gmt":"2025-12-12T14:43:59","slug":"aktivitaeten","status":"publish","type":"page","link":"https:\/\/flam.ch\/de\/und-auch\/aktivitaeten\/","title":{"rendered":"Aktivit\u00e4ten"},"content":{"rendered":"\t\t<div data-elementor-type=\"wp-page\" data-elementor-id=\"2876\" class=\"elementor elementor-2876 elementor-27\" data-elementor-post-type=\"page\">\n\t\t\t\t<div data-dce-background-image-url=\"https:\/\/flam.ch\/wp-content\/uploads\/2025\/07\/FLAM01.jpg\" class=\"elementor-element elementor-element-9fd6923 e-flex e-con-boxed e-con e-parent\" data-id=\"9fd6923\" data-element_type=\"container\" data-e-type=\"container\" data-settings=\"{&quot;background_background&quot;:&quot;classic&quot;}\">\n\t\t\t\t\t<div class=\"e-con-inner\">\n\t\t\t\t<div class=\"elementor-element elementor-element-b01a577 elementor-widget__width-inherit elementor-widget elementor-widget-heading\" data-id=\"b01a577\" data-element_type=\"widget\" data-e-type=\"widget\" data-widget_type=\"heading.default\">\n\t\t\t\t\t<h2 class=\"elementor-heading-title elementor-size-default\">Aktivit\u00e4ten<\/h2>\t\t\t\t<\/div>\n\t\t\t\t\t<\/div>\n\t\t\t\t<\/div>\n\t\t<div data-dce-background-overlay-color=\"#FFFFFF00\" data-dce-background-image-url=\"https:\/\/flam.ch\/wp-content\/uploads\/2025\/07\/FLAM-background.jpg\" class=\"elementor-element elementor-element-5bceff7 e-con-full right-padding e-flex e-con e-parent\" data-id=\"5bceff7\" data-element_type=\"container\" data-e-type=\"container\" data-settings=\"{&quot;background_background&quot;:&quot;classic&quot;}\">\n\t\t<div class=\"elementor-element elementor-element-52d31a9 e-con-full e-flex e-con e-child\" data-id=\"52d31a9\" data-element_type=\"container\" data-e-type=\"container\" id=\"sidebar\">\n\t\t\t\t<div data-dce-title-color=\"#434A4C\" class=\"elementor-element elementor-element-530e92b elementor-widget elementor-widget-heading\" data-id=\"530e92b\" data-element_type=\"widget\" data-e-type=\"widget\" data-widget_type=\"heading.default\">\n\t\t\t\t\t<h2 class=\"elementor-heading-title elementor-size-default\">Und auch<\/h2>\t\t\t\t<\/div>\n\t\t\t\t<div class=\"elementor-element elementor-element-079d800 elementor-widget__width-inherit elementor-widget-divider--view-line elementor-widget elementor-widget-divider\" data-id=\"079d800\" data-element_type=\"widget\" data-e-type=\"widget\" data-widget_type=\"divider.default\">\n\t\t\t\t\t\t\t<div class=\"elementor-divider\">\n\t\t\t<span class=\"elementor-divider-separator\">\n\t\t\t\t\t\t<\/span>\n\t\t<\/div>\n\t\t\t\t\t\t<\/div>\n\t\t\t\t<div class=\"elementor-element elementor-element-bb590fd elementor-widget elementor-widget-wp-widget-nav_menu\" data-id=\"bb590fd\" data-element_type=\"widget\" data-e-type=\"widget\" data-widget_type=\"wp-widget-nav_menu.default\">\n\t\t\t\t<div class=\"elementor-widget-container\">\n\t\t\t\t\t<nav class=\"menu-sidebar-et-aussi-german-container\" aria-label=\"Men\u00fc\"><ul id=\"menu-sidebar-et-aussi-german\" class=\"menu\"><li id=\"menu-item-2980\" class=\"menu-item menu-item-type-post_type menu-item-object-page menu-item-2980\"><a href=\"https:\/\/flam.ch\/de\/und-auch\/aktivitaeten\/\">Aktivit\u00e4ten<\/a><\/li>\n<li id=\"menu-item-2981\" class=\"menu-item menu-item-type-post_type menu-item-object-page menu-item-2981\"><a href=\"https:\/\/flam.ch\/de\/und-auch\/frankophone-kulturaktivitaeten\/\">Frankophone Kulturaktivit\u00e4ten<\/a><\/li>\n<li id=\"menu-item-2982\" class=\"menu-item menu-item-type-post_type menu-item-object-page menu-item-2982\"><a href=\"https:\/\/flam.ch\/de\/und-auch\/franzoesischsprachige-akteure-in-zuerich-umgebung\/\">Franz\u00f6sischsprachige Akteure in Z\u00fcrich &amp; Umgebung<\/a><\/li>\n<li id=\"menu-item-2983\" class=\"menu-item menu-item-type-post_type menu-item-object-page menu-item-2983\"><a href=\"https:\/\/flam.ch\/de\/und-auch\/franzoesische-verwaltungen-in-der-schweiz\/\">Franz\u00f6sische Verwaltungen in der Schweiz<\/a><\/li>\n<\/ul><\/nav>\t\t\t\t<\/div>\n\t\t\t\t<\/div>\n\t\t\t\t<\/div>\n\t\t<div class=\"elementor-element elementor-element-84c4687 e-con-full e-flex e-con e-child\" data-id=\"84c4687\" data-element_type=\"container\" data-e-type=\"container\">\n\t\t\t\t<div class=\"elementor-element elementor-element-fbe4ab8 elementor-widget__width-inherit elementor-widget elementor-widget-heading\" data-id=\"fbe4ab8\" data-element_type=\"widget\" data-e-type=\"widget\" data-widget_type=\"heading.default\">\n\t\t\t\t\t<h2 class=\"elementor-heading-title elementor-size-default\">DELF Prim DIPLOM AB 8 JAHREN<\/h2>\t\t\t\t<\/div>\n\t\t\t\t<div class=\"elementor-element elementor-element-243ed87 elementor-widget__width-inherit elementor-widget elementor-widget-heading\" data-id=\"243ed87\" data-element_type=\"widget\" data-e-type=\"widget\" data-widget_type=\"heading.default\">\n\t\t\t\t\t<h2 class=\"elementor-heading-title elementor-size-default\">DIPLOM F\u00dcR FRANZ\u00d6SISCHSTUDIEN<\/h2>\t\t\t\t<\/div>\n\t\t\t\t<div class=\"elementor-element elementor-element-956a1a5 elementor-widget elementor-widget-text-editor\" data-id=\"956a1a5\" data-element_type=\"widget\" data-e-type=\"widget\" data-widget_type=\"text-editor.default\">\n\t\t\t\t\t\t\t\t\t<h2><strong><img decoding=\"async\" class=\"alignleft size-full wp-image-2375\" src=\"https:\/\/flam.ch\/wp-content\/uploads\/2025\/09\/DELFPrim2-149x300-1.jpg\" alt=\"\" width=\"149\" height=\"300\">WARUM?<\/strong><\/h2><p>Seit der Einf\u00fchrung der FLAM-Kurse im Jahr 1999 konnte kein offizielles Dokument den Sch\u00fclern die w\u00e4hrend ihrer FLAM-Schulzeit erworbenen Sprachkenntnisse best\u00e4tigen.<\/p><p>Obwohl das DELF \u2013 Dipl\u00f4me d\u2019\u00c9tudes en Langue Fran\u00e7aise, ausgestellt vom franz\u00f6sischen Bildungsministerium \u2013 grunds\u00e4tzlich f\u00fcr ein nicht-franz\u00f6sischsprachiges Publikum bestimmt ist, <strong>sind die DELF Prim-Pr\u00fcfungen den F\u00e4higkeiten der Sch\u00fcler am Ende ihrer FLAM-Schulzeit durchaus angepasst<\/strong>.<\/p><p>Dieses erste international anerkannte Sprachdiplom (m\u00fcndliches und schriftliches Verst\u00e4ndnis sowie m\u00fcndliche und schriftliche Produktion) stellt auch ein hervorragendes Training f\u00fcr die schulische Zukunft der Sch\u00fcler dar, da es anschlie\u00dfend durch B1 und B2 im Rahmen der Schweizer Sekundarschulen und Gymnasien fortgesetzt werden kann.<\/p><h3><strong>F\u00dcR WEN?<\/strong><\/h3><p>Das DELF Prim richtet sich an Kandidaten im Alter von 8 bis 12 Jahren. Es wird vom DELF Junior oder Schul-DELF gefolgt. Der angebotene Vorbereitungskurs richtet sich an Kinder, die die FLAM-Kurse mindestens bis zum <sup>3.<\/sup> Primarschuljahr besucht haben.<\/p><h3><strong>WO? WANN? WIE?<\/strong><\/h3><ul><li><strong>Ort<\/strong>: Z\u00fcrich<\/li><li><strong>Tag\/strong&gt;: Mittwoch (14:00 &#8211; 15:50 Uhr oder 16:00 &#8211; 17:50 Uhr) oder Samstag (10:00 &#8211; 11:50 Uhr)<br><\/strong><\/li><li><strong>Anzahl der Sitzungen<\/strong>: 20 Sitzungen \u00e0 2x 50 Minuten<\/li><li><strong>Kosten pro Sitzung<\/strong>: wird je nach Sch\u00fclerzahl festgelegt<\/li><li><strong>Pr\u00fcfungsgeb\u00fchren<\/strong>: zus\u00e4tzlich<\/li><li><strong>Kursbeginn<\/strong>: Oktober (nach den Herbstferien)<\/li><li><strong>Pr\u00fcfungsdatum<\/strong>: Mai (Pr\u00fcfungszentrum noch zu best\u00e4tigen)<\/li><li><strong>Auskunft<\/strong>: <a href=\"mailto:info@flam.ch?subject=Demande%20renseignements%20DELF%20Prim\"><strong>info@flam.ch<\/strong><\/a><\/li><\/ul>\t\t\t\t\t\t\t\t<\/div>\n\t\t\t\t<\/div>\n\t\t\t\t<\/div>\n\t\t\t\t<\/div>\n\t\t","protected":false},"excerpt":{"rendered":"<p>Und auch DELF Prim DIPLOM AB 8 JAHREN DIPLOM F\u00dcR FRANZ\u00d6SISCHSTUDIEN WARUM? Seit der Einf\u00fchrung der FLAM-Kurse im Jahr 1999 konnte kein offizielles Dokument den Sch\u00fclern die w\u00e4hrend ihrer FLAM-Schulzeit erworbenen Sprachkenntnisse best\u00e4tigen. Obwohl das DELF \u2013 Dipl\u00f4me d\u2019\u00c9tudes en Langue Fran\u00e7aise, ausgestellt vom franz\u00f6sischen Bildungsministerium \u2013 grunds\u00e4tzlich f\u00fcr ein nicht-franz\u00f6sischsprachiges Publikum bestimmt ist, sind [&hellip;]<\/p>\n","protected":false},"author":1,"featured_media":0,"parent":2847,"menu_order":0,"comment_status":"closed","ping_status":"closed","template":"","meta":{"footnotes":""},"class_list":["post-2876","page","type-page","status-publish","hentry"],"_links":{"self":[{"href":"https:\/\/flam.ch\/de\/wp-json\/wp\/v2\/pages\/2876","targetHints":{"allow":["GET"]}}],"collection":[{"href":"https:\/\/flam.ch\/de\/wp-json\/wp\/v2\/pages"}],"about":[{"href":"https:\/\/flam.ch\/de\/wp-json\/wp\/v2\/types\/page"}],"author":[{"embeddable":true,"href":"https:\/\/flam.ch\/de\/wp-json\/wp\/v2\/users\/1"}],"replies":[{"embeddable":true,"href":"https:\/\/flam.ch\/de\/wp-json\/wp\/v2\/comments?post=2876"}],"version-history":[{"count":5,"href":"https:\/\/flam.ch\/de\/wp-json\/wp\/v2\/pages\/2876\/revisions"}],"predecessor-version":[{"id":3113,"href":"https:\/\/flam.ch\/de\/wp-json\/wp\/v2\/pages\/2876\/revisions\/3113"}],"up":[{"embeddable":true,"href":"https:\/\/flam.ch\/de\/wp-json\/wp\/v2\/pages\/2847"}],"wp:attachment":[{"href":"https:\/\/flam.ch\/de\/wp-json\/wp\/v2\/media?parent=2876"}],"curies":[{"name":"wp","href":"https:\/\/api.w.org\/{rel}","templated":true}]}}