{"id":2878,"date":"2025-07-29T10:38:22","date_gmt":"2025-07-29T08:38:22","guid":{"rendered":"https:\/\/flam.ch\/schulbeginn\/"},"modified":"2026-01-29T16:19:06","modified_gmt":"2026-01-29T14:19:06","slug":"schulbeginn","status":"publish","type":"page","link":"https:\/\/flam.ch\/de\/schulbeginn\/","title":{"rendered":"Schulbeginn"},"content":{"rendered":"\t\t<div data-elementor-type=\"wp-page\" data-elementor-id=\"2878\" class=\"elementor elementor-2878 elementor-23\" data-elementor-post-type=\"page\">\n\t\t\t\t<div data-dce-background-image-url=\"https:\/\/flam.ch\/wp-content\/uploads\/2025\/07\/FLAM01.jpg\" class=\"elementor-element elementor-element-cc07cf5 e-flex e-con-boxed e-con e-parent\" data-id=\"cc07cf5\" data-element_type=\"container\" data-e-type=\"container\" data-settings=\"{&quot;background_background&quot;:&quot;classic&quot;}\">\n\t\t\t\t\t<div class=\"e-con-inner\">\n\t\t\t\t<div class=\"elementor-element elementor-element-4f8540e elementor-widget__width-inherit elementor-widget elementor-widget-heading\" data-id=\"4f8540e\" data-element_type=\"widget\" data-e-type=\"widget\" data-widget_type=\"heading.default\">\n\t\t\t\t\t<h2 class=\"elementor-heading-title elementor-size-default\">SCHULBEGINN FLAM \/ SCHULBEGINN FLAM<\/h2>\t\t\t\t<\/div>\n\t\t\t\t\t<\/div>\n\t\t\t\t<\/div>\n\t\t<div data-dce-background-overlay-color=\"#FFFFFF00\" data-dce-background-image-url=\"https:\/\/flam.ch\/wp-content\/uploads\/2025\/07\/FLAM-background.jpg\" class=\"elementor-element elementor-element-82780ef e-flex e-con-boxed e-con e-parent\" data-id=\"82780ef\" data-element_type=\"container\" data-e-type=\"container\" data-settings=\"{&quot;background_background&quot;:&quot;classic&quot;}\">\n\t\t\t\t\t<div class=\"e-con-inner\">\n\t\t<div class=\"elementor-element elementor-element-f0a7cba e-con-full e-flex e-con e-child\" data-id=\"f0a7cba\" data-element_type=\"container\" data-e-type=\"container\">\n\t\t\t\t<div class=\"elementor-element elementor-element-d2ff9fe elementor-icon-list--layout-traditional elementor-list-item-link-full_width elementor-widget elementor-widget-icon-list\" data-id=\"d2ff9fe\" data-element_type=\"widget\" data-e-type=\"widget\" data-widget_type=\"icon-list.default\">\n\t\t\t\t\t\t\t<ul class=\"elementor-icon-list-items\">\n\t\t\t\t\t\t\t<li class=\"elementor-icon-list-item\">\n\t\t\t\t\t\t\t\t\t\t\t<span class=\"elementor-icon-list-icon\">\n\t\t\t\t\t\t\t<svg aria-hidden=\"true\" class=\"e-font-icon-svg e-fas-arrow-right\" viewBox=\"0 0 448 512\" xmlns=\"http:\/\/www.w3.org\/2000\/svg\"><path d=\"M190.5 66.9l22.2-22.2c9.4-9.4 24.6-9.4 33.9 0L441 239c9.4 9.4 9.4 24.6 0 33.9L246.6 467.3c-9.4 9.4-24.6 9.4-33.9 0l-22.2-22.2c-9.5-9.5-9.3-25 .4-34.3L311.4 296H24c-13.3 0-24-10.7-24-24v-32c0-13.3 10.7-24 24-24h287.4L190.9 101.2c-9.8-9.3-10-24.8-.4-34.3z\"><\/path><\/svg>\t\t\t\t\t\t<\/span>\n\t\t\t\t\t\t\t\t\t\t<span class=\"elementor-icon-list-text\">Der FLAM-Unterricht beginnt immer 2 Wochen nach dem der \u00f6ffentlichen Schule.<\/span>\n\t\t\t\t\t\t\t\t\t<\/li>\n\t\t\t\t\t\t<\/ul>\n\t\t\t\t\t\t<\/div>\n\t\t\t\t<div class=\"elementor-element elementor-element-ec78d53 elementor-widget elementor-widget-text-editor\" data-id=\"ec78d53\" data-element_type=\"widget\" data-e-type=\"widget\" data-widget_type=\"text-editor.default\">\n\t\t\t\t\t\t\t\t\t<p><strong>Montag 1. September 2025 \/ Montag 1. September 2025<\/strong>:<br>M\u00e4nnedorf<\/p><p><strong>Dienstag, 2. September 2025<\/strong>:<br>Wallisellen<\/p><p><strong>Mittwoch 3. September 2025 \/ Mittwoch 3. September 2025<\/strong>:<br>Z\u00fcrich-Friesenberg (D\u00f6ltschi) und Z\u00fcrich-M\u00fchlebach (M\u00fcnchhalde)<\/p><p><strong>Donnerstag 4. September 2025 \/ Donnerstag 4. September 2025<\/strong>:<br>K\u00fcsnacht &amp; Z\u00fcrich-Wollishofen<\/p><p><strong>Montag 22. September 2025 \/ Montag 22. September 2025<\/strong>:<br>Z\u00fcrich-Wipkingen (Letten, Wasserwerk &amp; Nordstrasse)<\/p>\t\t\t\t\t\t\t\t<\/div>\n\t\t\t\t<div data-dce-background-color=\"#DCB864\" class=\"elementor-element elementor-element-62a644f elementor-align-center elementor-widget__width-inherit elementor-widget elementor-widget-button\" data-id=\"62a644f\" data-element_type=\"widget\" data-e-type=\"widget\" data-widget_type=\"button.default\">\n\t\t\t\t\t\t\t\t\t\t<a class=\"elementor-button elementor-button-link elementor-size-sm\" href=\"https:\/\/flam.ch\/de\/anmeldung\/\">\n\t\t\t\t\t\t<span class=\"elementor-button-content-wrapper\">\n\t\t\t\t\t\t\t\t\t<span class=\"elementor-button-text\">Jederzeitige Anmeldung<\/span>\n\t\t\t\t\t<\/span>\n\t\t\t\t\t<\/a>\n\t\t\t\t\t\t\t\t<\/div>\n\t\t\t\t<\/div>\n\t\t<div class=\"elementor-element elementor-element-f295996 e-con-full e-flex e-con e-child\" data-id=\"f295996\" data-element_type=\"container\" data-e-type=\"container\">\n\t\t\t\t<div class=\"elementor-element elementor-element-1db6308 elementor-widget elementor-widget-image\" data-id=\"1db6308\" data-element_type=\"widget\" data-e-type=\"widget\" data-widget_type=\"image.default\">\n\t\t\t\t\t\t\t\t\t\t\t\t\t\t\t<img fetchpriority=\"high\" decoding=\"async\" width=\"450\" height=\"186\" src=\"https:\/\/flam.ch\/wp-content\/uploads\/2025\/07\/rentreescolaire.jpg\" class=\"attachment-large size-large wp-image-2880\" alt=\"\" srcset=\"https:\/\/flam.ch\/wp-content\/uploads\/2025\/07\/rentreescolaire.jpg 450w, https:\/\/flam.ch\/wp-content\/uploads\/2025\/07\/rentreescolaire-300x124.jpg 300w\" sizes=\"(max-width: 450px) 100vw, 450px\" \/>\t\t\t\t\t\t\t\t\t\t\t\t\t\t\t<\/div>\n\t\t\t\t<\/div>\n\t\t\t\t<div class=\"elementor-element elementor-element-19c69e6 elementor-widget__width-inherit elementor-widget elementor-widget-heading\" data-id=\"19c69e6\" data-element_type=\"widget\" data-e-type=\"widget\" data-widget_type=\"heading.default\">\n\t\t\t\t\t<h2 class=\"elementor-heading-title elementor-size-default\">ANMELDUNG ZU DEN KURSEN\n\n<\/h2>\t\t\t\t<\/div>\n\t\t\t\t<div class=\"elementor-element elementor-element-e97b49c elementor-widget elementor-widget-text-editor\" data-id=\"e97b49c\" data-element_type=\"widget\" data-e-type=\"widget\" data-widget_type=\"text-editor.default\">\n\t\t\t\t\t\t\t\t\t<p>Nach einer ersten Anmeldung zu den LCO-Franz\u00f6sischkursen des Kantons Z\u00fcrich \u2013 FLAM-Kurse \u2013 wird die Anmeldung j\u00e4hrlich automatisch und ohne Anmeldegeb\u00fchr verl\u00e4ngert, bis zum Ende der obligatorischen Primarschulzeit, es sei denn, es erfolgt eine schriftliche Abmeldung, die bis zum 30. Juni des laufenden Schuljahres mitgeteilt werden muss.<\/p><p>Mit der definitiven Anmeldung ihres\/ihrer Kindes\/Kinder zu den FLAM-Kursen verpflichten sich die Eltern, die geltenden Allgemeinen Gesch\u00e4ftsbedingungen einzuhalten, n\u00e4mlich:<\/p><ul><li>verpflichten sich, das Schulgeld fristgerecht auf Basis der erhaltenen Rechnung zu begleichen;<\/li><li>verpflichten sich, ihr\/e Kind\/er regelm\u00e4\u00dfig zum Unterricht zu schicken;<\/li><li>werden automatisch passive Mitglieder des Vereins.<\/li><\/ul>\t\t\t\t\t\t\t\t<\/div>\n\t\t\t\t<div class=\"elementor-element elementor-element-4060721 elementor-widget elementor-widget-n-accordion\" data-id=\"4060721\" data-element_type=\"widget\" data-e-type=\"widget\" data-settings=\"{&quot;default_state&quot;:&quot;all_collapsed&quot;,&quot;max_items_expended&quot;:&quot;one&quot;,&quot;n_accordion_animation_duration&quot;:{&quot;unit&quot;:&quot;ms&quot;,&quot;size&quot;:400,&quot;sizes&quot;:[]}}\" data-widget_type=\"nested-accordion.default\">\n\t\t\t\t\t\t\t<div class=\"e-n-accordion\" aria-label=\"Accordion. Open links with Enter or Space, close with Escape, and navigate with Arrow Keys\">\n\t\t\t\t\t\t<details id=\"e-n-accordion-item-6750\" class=\"e-n-accordion-item\" >\n\t\t\t\t<summary class=\"e-n-accordion-item-title\" data-accordion-index=\"1\" tabindex=\"0\" aria-expanded=\"false\" aria-controls=\"e-n-accordion-item-6750\" >\n\t\t\t\t\t<span class='e-n-accordion-item-title-header'><div class=\"e-n-accordion-item-title-text\">  Neuanmeldung \u2013 letzter Termin 31. August  <\/div><\/span>\n\t\t\t\t\t\t\t<span class='e-n-accordion-item-title-icon'>\n\t\t\t<span class='e-opened' ><svg aria-hidden=\"true\" class=\"e-font-icon-svg e-fas-minus\" viewBox=\"0 0 448 512\" xmlns=\"http:\/\/www.w3.org\/2000\/svg\"><path d=\"M416 208H32c-17.67 0-32 14.33-32 32v32c0 17.67 14.33 32 32 32h384c17.67 0 32-14.33 32-32v-32c0-17.67-14.33-32-32-32z\"><\/path><\/svg><\/span>\n\t\t\t<span class='e-closed'><svg aria-hidden=\"true\" class=\"e-font-icon-svg e-fas-plus\" viewBox=\"0 0 448 512\" xmlns=\"http:\/\/www.w3.org\/2000\/svg\"><path d=\"M416 208H272V64c0-17.67-14.33-32-32-32h-32c-17.67 0-32 14.33-32 32v144H32c-17.67 0-32 14.33-32 32v32c0 17.67 14.33 32 32 32h144v144c0 17.67 14.33 32 32 32h32c17.67 0 32-14.33 32-32V304h144c17.67 0 32-14.33 32-32v-32c0-17.67-14.33-32-32-32z\"><\/path><\/svg><\/span>\n\t\t<\/span>\n\n\t\t\t\t\t\t<\/summary>\n\t\t\t\t<div role=\"region\" aria-labelledby=\"e-n-accordion-item-6750\" class=\"elementor-element elementor-element-a314e2c e-con-full e-flex e-con e-child\" data-id=\"a314e2c\" data-element_type=\"container\" data-e-type=\"container\">\n\t\t\t\t<div class=\"elementor-element elementor-element-4a9d5f7 elementor-widget elementor-widget-text-editor\" data-id=\"4a9d5f7\" data-element_type=\"widget\" data-e-type=\"widget\" data-widget_type=\"text-editor.default\">\n\t\t\t\t\t\t\t\t\t<div id=\"accordion-content-nouvelle-inscription-31-ao%c3%bbt-dernier-d%c3%a9lai-neue-anmeldung-bis-zum-31-august\" class=\"sow-accordion-panel-content\" role=\"region\" aria-labelledby=\"accordion-label-nouvelle-inscription-31-ao%c3%bbt-dernier-d%c3%a9lai-neue-anmeldung-bis-zum-31-august\"><div class=\"sow-accordion-panel-border\"><ul><li>Elektronische Anmeldung LCO\/HSK: ab Januar \u00fcber die Website der \u00f6ffentlichen Schule.<\/li><li>Spontane Anmeldung: telefonische Anfrage, E-Mail oder \u00fcber die FLAM-Website.<\/li><\/ul><p><strong>Im M\u00e4rz\/April<\/strong>: Das FLAM-Dokument \u201eIndividueller Fragebogen \u2013 definitive Anmeldung\u201c wird zusammen mit allen Unterlagen f\u00fcr das Schuljahr (inkl. Allgemeine Gesch\u00e4ftsbedingungen) an die Familie versandt.<br>Nach Erhalt des Originals dieses Dokuments, ordnungsgem\u00e4\u00df von den Eltern oder dem gesetzlichen Vertreter unterzeichnet, gilt die Anmeldung des Kindes zu den LCO-Franz\u00f6sischkursen als definitiv.<br>F\u00fcr jede Neuanmeldung \u2013 nur einmalig zu zahlen: Zus\u00e4tzlich zum Schulgeld wird eine Bearbeitungsgeb\u00fchr von CHF 100.00 erhoben, die zur kostenlosen Teilnahme am j\u00e4hrlich organisierten Workshop <a href=\"http:\/\/flam.ch\/fr\/Activites\/atelier-rencontre\">\u201eBilinguale oder mehrsprachige Erziehung in der Familie. Eine Familie, mehrere Sprachen\u2026\u201c<\/a> berechtigt.<\/p><p><strong>Im Mai\/Juni<\/strong>: Eine Liste der dem Kind vorgeschlagenen Klasse wird den Eltern zugesandt (provisorische Liste).<\/p><p> <\/p><\/div><\/div>\t\t\t\t\t\t\t\t<\/div>\n\t\t\t\t<\/div>\n\t\t\t\t\t<\/details>\n\t\t\t\t\t\t<details id=\"e-n-accordion-item-6751\" class=\"e-n-accordion-item\" >\n\t\t\t\t<summary class=\"e-n-accordion-item-title\" data-accordion-index=\"2\" tabindex=\"-1\" aria-expanded=\"false\" aria-controls=\"e-n-accordion-item-6751\" >\n\t\t\t\t\t<span class='e-n-accordion-item-title-header'><div class=\"e-n-accordion-item-title-text\"> Automatische Wiederanmeldung  <\/div><\/span>\n\t\t\t\t\t\t\t<span class='e-n-accordion-item-title-icon'>\n\t\t\t<span class='e-opened' ><svg aria-hidden=\"true\" class=\"e-font-icon-svg e-fas-minus\" viewBox=\"0 0 448 512\" xmlns=\"http:\/\/www.w3.org\/2000\/svg\"><path d=\"M416 208H32c-17.67 0-32 14.33-32 32v32c0 17.67 14.33 32 32 32h384c17.67 0 32-14.33 32-32v-32c0-17.67-14.33-32-32-32z\"><\/path><\/svg><\/span>\n\t\t\t<span class='e-closed'><svg aria-hidden=\"true\" class=\"e-font-icon-svg e-fas-plus\" viewBox=\"0 0 448 512\" xmlns=\"http:\/\/www.w3.org\/2000\/svg\"><path d=\"M416 208H272V64c0-17.67-14.33-32-32-32h-32c-17.67 0-32 14.33-32 32v144H32c-17.67 0-32 14.33-32 32v32c0 17.67 14.33 32 32 32h144v144c0 17.67 14.33 32 32 32h32c17.67 0 32-14.33 32-32V304h144c17.67 0 32-14.33 32-32v-32c0-17.67-14.33-32-32-32z\"><\/path><\/svg><\/span>\n\t\t<\/span>\n\n\t\t\t\t\t\t<\/summary>\n\t\t\t\t<div role=\"region\" aria-labelledby=\"e-n-accordion-item-6751\" class=\"elementor-element elementor-element-5a97a9a e-con-full e-flex e-con e-child\" data-id=\"5a97a9a\" data-element_type=\"container\" data-e-type=\"container\">\n\t\t\t\t<div class=\"elementor-element elementor-element-9fc4434 elementor-widget elementor-widget-text-editor\" data-id=\"9fc4434\" data-element_type=\"widget\" data-e-type=\"widget\" data-widget_type=\"text-editor.default\">\n\t\t\t\t\t\t\t\t\t<div id=\"accordion-content-r%c3%a9inscription-automatique-automatische-wiederanmeldung\" class=\"sow-accordion-panel-content\" role=\"region\" aria-labelledby=\"accordion-label-r%c3%a9inscription-automatique-automatische-wiederanmeldung\"><div class=\"sow-accordion-panel-border\"><p>Bereits angemeldete FLAM-Sch\u00fcler wechseln in der Regel mit jedem neuen Schuljahresbeginn automatisch in die n\u00e4chsth\u00f6here Unterrichtsstufe.<\/p><p>Wenn die p\u00e4dagogischen Ziele des Vorjahres nicht erreicht werden konnten und nach vorheriger Zustimmung der Eltern, kann das Programm wiederholt werden.<\/p><p>F\u00fcr Kinder, die die fortgeschrittene Primarstufe \u2013 Wahlfach \u2013 besucht haben und fortsetzen, wird der Unterricht an die individuellen Bed\u00fcrfnisse der Gruppe angepasst.<\/p><\/div><\/div>\t\t\t\t\t\t\t\t<\/div>\n\t\t\t\t<\/div>\n\t\t\t\t\t<\/details>\n\t\t\t\t\t\t<details id=\"e-n-accordion-item-6752\" class=\"e-n-accordion-item\" >\n\t\t\t\t<summary class=\"e-n-accordion-item-title\" data-accordion-index=\"3\" tabindex=\"-1\" aria-expanded=\"false\" aria-controls=\"e-n-accordion-item-6752\" >\n\t\t\t\t\t<span class='e-n-accordion-item-title-header'><div class=\"e-n-accordion-item-title-text\"> Abmeldung vor dem 30. Juni  <\/div><\/span>\n\t\t\t\t\t\t\t<span class='e-n-accordion-item-title-icon'>\n\t\t\t<span class='e-opened' ><svg aria-hidden=\"true\" class=\"e-font-icon-svg e-fas-minus\" viewBox=\"0 0 448 512\" xmlns=\"http:\/\/www.w3.org\/2000\/svg\"><path d=\"M416 208H32c-17.67 0-32 14.33-32 32v32c0 17.67 14.33 32 32 32h384c17.67 0 32-14.33 32-32v-32c0-17.67-14.33-32-32-32z\"><\/path><\/svg><\/span>\n\t\t\t<span class='e-closed'><svg aria-hidden=\"true\" class=\"e-font-icon-svg e-fas-plus\" viewBox=\"0 0 448 512\" xmlns=\"http:\/\/www.w3.org\/2000\/svg\"><path d=\"M416 208H272V64c0-17.67-14.33-32-32-32h-32c-17.67 0-32 14.33-32 32v144H32c-17.67 0-32 14.33-32 32v32c0 17.67 14.33 32 32 32h144v144c0 17.67 14.33 32 32 32h32c17.67 0 32-14.33 32-32V304h144c17.67 0 32-14.33 32-32v-32c0-17.67-14.33-32-32-32z\"><\/path><\/svg><\/span>\n\t\t<\/span>\n\n\t\t\t\t\t\t<\/summary>\n\t\t\t\t<div role=\"region\" aria-labelledby=\"e-n-accordion-item-6752\" class=\"elementor-element elementor-element-1cdbc64 e-con-full e-flex e-con e-child\" data-id=\"1cdbc64\" data-element_type=\"container\" data-e-type=\"container\">\n\t\t\t\t<div class=\"elementor-element elementor-element-dad4fca elementor-widget elementor-widget-text-editor\" data-id=\"dad4fca\" data-element_type=\"widget\" data-e-type=\"widget\" data-widget_type=\"text-editor.default\">\n\t\t\t\t\t\t\t\t\t<div id=\"accordion-content-d%c3%a9sinscription-avant-le-30-juin-abmeldung-vor-dem-30-juni\" class=\"sow-accordion-panel-content\" role=\"region\" aria-labelledby=\"accordion-label-d%c3%a9sinscription-avant-le-30-juin-abmeldung-vor-dem-30-juni\"><div class=\"sow-accordion-panel-border\"><p><strong>F\u00fcr jede Abmeldung (Neu- oder Wiederanmeldung):<\/strong> Die Eltern m\u00fcssen das Koordinationsteam unbedingt schriftlich (E-Mail oder einfacher Brief)<strong> \u21d2 <\/strong><u>bis zum 30. Juni<\/u> informieren.<\/p><p>Eine Abmeldebest\u00e4tigung wird dann an die Eltern gesendet und f\u00fcr Neuanmeldungen werden Bearbeitungsgeb\u00fchren in Rechnung gestellt.<\/p><p>Nach Ablauf dieser Frist wird jede Abmeldung als <strong>Annullierung der Anmeldung<\/strong> betrachtet.<\/p><\/div><\/div>\t\t\t\t\t\t\t\t<\/div>\n\t\t\t\t<\/div>\n\t\t\t\t\t<\/details>\n\t\t\t\t\t\t<details id=\"e-n-accordion-item-6753\" class=\"e-n-accordion-item\" >\n\t\t\t\t<summary class=\"e-n-accordion-item-title\" data-accordion-index=\"4\" tabindex=\"-1\" aria-expanded=\"false\" aria-controls=\"e-n-accordion-item-6753\" >\n\t\t\t\t\t<span class='e-n-accordion-item-title-header'><div class=\"e-n-accordion-item-title-text\"> Anmelde-Stornierung  <\/div><\/span>\n\t\t\t\t\t\t\t<span class='e-n-accordion-item-title-icon'>\n\t\t\t<span class='e-opened' ><svg aria-hidden=\"true\" class=\"e-font-icon-svg e-fas-minus\" viewBox=\"0 0 448 512\" xmlns=\"http:\/\/www.w3.org\/2000\/svg\"><path d=\"M416 208H32c-17.67 0-32 14.33-32 32v32c0 17.67 14.33 32 32 32h384c17.67 0 32-14.33 32-32v-32c0-17.67-14.33-32-32-32z\"><\/path><\/svg><\/span>\n\t\t\t<span class='e-closed'><svg aria-hidden=\"true\" class=\"e-font-icon-svg e-fas-plus\" viewBox=\"0 0 448 512\" xmlns=\"http:\/\/www.w3.org\/2000\/svg\"><path d=\"M416 208H272V64c0-17.67-14.33-32-32-32h-32c-17.67 0-32 14.33-32 32v144H32c-17.67 0-32 14.33-32 32v32c0 17.67 14.33 32 32 32h144v144c0 17.67 14.33 32 32 32h32c17.67 0 32-14.33 32-32V304h144c17.67 0 32-14.33 32-32v-32c0-17.67-14.33-32-32-32z\"><\/path><\/svg><\/span>\n\t\t<\/span>\n\n\t\t\t\t\t\t<\/summary>\n\t\t\t\t<div role=\"region\" aria-labelledby=\"e-n-accordion-item-6753\" class=\"elementor-element elementor-element-16cb89f e-con-full e-flex e-con e-child\" data-id=\"16cb89f\" data-element_type=\"container\" data-e-type=\"container\">\n\t\t\t\t<div class=\"elementor-element elementor-element-9a373fc elementor-widget elementor-widget-text-editor\" data-id=\"9a373fc\" data-element_type=\"widget\" data-e-type=\"widget\" data-widget_type=\"text-editor.default\">\n\t\t\t\t\t\t\t\t\t<div id=\"accordion-content-d%c3%a9sinscription-avant-le-30-juin-abmeldung-vor-dem-30-juni\" class=\"sow-accordion-panel-content\" role=\"region\" aria-labelledby=\"accordion-label-d%c3%a9sinscription-avant-le-30-juin-abmeldung-vor-dem-30-juni\"><div class=\"sow-accordion-panel-border\"><div id=\"accordion-content-annulation-d%e2%80%99inscription-stornierung-der-anmeldung\" class=\"sow-accordion-panel-content\" role=\"region\" aria-labelledby=\"accordion-label-annulation-d%e2%80%99inscription-stornierung-der-anmeldung\"><div class=\"sow-accordion-panel-border\"><p>Nach dem 30. Juni oder w\u00e4hrend des Schuljahres: Ein schriftlicher Antrag der Eltern auf Annullierung der Anmeldung wird nur akzeptiert, wenn der Sch\u00fcler\/die Sch\u00fclerin:<\/p><ul><li>nicht das Franz\u00f6sischniveau hat, um an unseren FLAM-Kursen Z\u00fcrich teilzunehmen \u2013 nur g\u00fcltig f\u00fcr eine Neuanmeldung (max. 2 Kurse \u2013 1 kostenlos und 1 kostenpflichtig)<\/li><li>gesundheitliche Probleme hat (gegen Vorlage eines \u00e4rztlichen Attests)<\/li><li>in einen anderen Kanton umzieht, der mehr als 50 km vom gew\u00e4hlten Unterrichtsort entfernt ist, oder ins Ausland (gegen Vorlage der offiziellen Abmeldebest\u00e4tigung der Gemeinde).<\/li><\/ul><p>Jeder Antrag auf Annullierung der Anmeldung muss schriftlich begr\u00fcndet und zur Pr\u00fcfung an das Koordinationsteam und nicht an das p\u00e4dagogische Team gerichtet werden. Telefonische Annullierungsantr\u00e4ge werden nicht akzeptiert.<\/p><p>Nach Annahme der Annullierung der Anmeldung werden Verwaltungsgeb\u00fchren in H\u00f6he von max. CHF 500.00 je nach Fall in Rechnung gestellt, und der in Rechnung gestellte Betrag kann nicht angefochten werden.<\/p><p><strong>Eine Annullierung der Anmeldung wird aus folgenden Gr\u00fcnden nicht akzeptiert<\/strong>:<\/p><ul><li>zu voller Stundenplan;<\/li><li>\u00dcberlastung durch Schularbeiten;<\/li><li>andere kulturelle, sportliche oder sonstige Aktivit\u00e4t, die zu den gleichen Zeiten wie die FLAM-Kurse Z\u00fcrich stattfindet;<\/li><li>Transport- oder pers\u00f6nliche Organisationsprobleme (z.B. zu langer Weg zwischen Wohnort und gew\u00e4hltem Unterrichtsort usw.);<\/li><li>bei Lehrerwechsel;<\/li><li>im Falle h\u00f6herer Gewalt (Gesundheitskrise, Engp\u00e4sse, Streik, Unruhen usw.);<\/li><li>aus jedem anderen pers\u00f6nlichen Grund (z.B. mangelnde Motivation des Kindes usw.).<\/li><\/ul><p>Das gesamte Schulgeld bleibt f\u00fcr das gesamte betreffende Schuljahr geschuldet, <u>auch wenn die Rechnung vor der Annullierung nicht ausgestellt wurde<\/u>.<\/p><\/div><\/div><\/div><\/div>\t\t\t\t\t\t\t\t<\/div>\n\t\t\t\t<\/div>\n\t\t\t\t\t<\/details>\n\t\t\t\t\t\t<details id=\"e-n-accordion-item-6754\" class=\"e-n-accordion-item\" >\n\t\t\t\t<summary class=\"e-n-accordion-item-title\" data-accordion-index=\"5\" tabindex=\"-1\" aria-expanded=\"false\" aria-controls=\"e-n-accordion-item-6754\" >\n\t\t\t\t\t<span class='e-n-accordion-item-title-header'><div class=\"e-n-accordion-item-title-text\"> Kursabsage \u2013 H\u00f6here Gewalt  <\/div><\/span>\n\t\t\t\t\t\t\t<span class='e-n-accordion-item-title-icon'>\n\t\t\t<span class='e-opened' ><svg aria-hidden=\"true\" class=\"e-font-icon-svg e-fas-minus\" viewBox=\"0 0 448 512\" xmlns=\"http:\/\/www.w3.org\/2000\/svg\"><path d=\"M416 208H32c-17.67 0-32 14.33-32 32v32c0 17.67 14.33 32 32 32h384c17.67 0 32-14.33 32-32v-32c0-17.67-14.33-32-32-32z\"><\/path><\/svg><\/span>\n\t\t\t<span class='e-closed'><svg aria-hidden=\"true\" class=\"e-font-icon-svg e-fas-plus\" viewBox=\"0 0 448 512\" xmlns=\"http:\/\/www.w3.org\/2000\/svg\"><path d=\"M416 208H272V64c0-17.67-14.33-32-32-32h-32c-17.67 0-32 14.33-32 32v144H32c-17.67 0-32 14.33-32 32v32c0 17.67 14.33 32 32 32h144v144c0 17.67 14.33 32 32 32h32c17.67 0 32-14.33 32-32V304h144c17.67 0 32-14.33 32-32v-32c0-17.67-14.33-32-32-32z\"><\/path><\/svg><\/span>\n\t\t<\/span>\n\n\t\t\t\t\t\t<\/summary>\n\t\t\t\t<div role=\"region\" aria-labelledby=\"e-n-accordion-item-6754\" class=\"elementor-element elementor-element-77cf91d e-con-full e-flex e-con e-child\" data-id=\"77cf91d\" data-element_type=\"container\" data-e-type=\"container\">\n\t\t\t\t<div class=\"elementor-element elementor-element-d352edb elementor-widget elementor-widget-text-editor\" data-id=\"d352edb\" data-element_type=\"widget\" data-e-type=\"widget\" data-widget_type=\"text-editor.default\">\n\t\t\t\t\t\t\t\t\t<div id=\"accordion-content-d%c3%a9sinscription-avant-le-30-juin-abmeldung-vor-dem-30-juni\" class=\"sow-accordion-panel-content\" role=\"region\" aria-labelledby=\"accordion-label-d%c3%a9sinscription-avant-le-30-juin-abmeldung-vor-dem-30-juni\"><div class=\"sow-accordion-panel-border\"><div id=\"accordion-content-annulation-d%e2%80%99inscription-stornierung-der-anmeldung\" class=\"sow-accordion-panel-content\" role=\"region\" aria-labelledby=\"accordion-label-annulation-d%e2%80%99inscription-stornierung-der-anmeldung\"><div class=\"sow-accordion-panel-border\"><div id=\"accordion-content-annulation-d%e2%80%99un-cours-cas-de-force-majeure-absage-eines-kurses-h%c3%b6here-gewalt\" class=\"sow-accordion-panel-content\" role=\"region\" aria-labelledby=\"accordion-label-annulation-d%e2%80%99un-cours-cas-de-force-majeure-absage-eines-kurses-h%c3%b6here-gewalt\"><div class=\"sow-accordion-panel-border\"><p>Kann der angebotene Kurs mangels ausreichender definitiver Anmeldungen nicht stattfinden, verpflichtet sich das Koordinationsteam der FLAM-Kurse Z\u00fcrich, eine andere Gruppe vorzuschlagen oder die Annullierung der Anmeldung kostenfrei zu best\u00e4tigen.<\/p><p>Muss ein Kurs aufgrund h\u00f6herer Gewalt (Pandemie, Gesundheitsnotstand, Naturkatastrophe, Streik, Unruhen usw.) annulliert werden, k\u00f6nnen die Eltern weder eine R\u00fcckerstattung des Schulgeldes noch einen Ersatzkurs verlangen.<\/p><\/div><\/div><\/div><\/div><\/div><\/div>\t\t\t\t\t\t\t\t<\/div>\n\t\t\t\t<\/div>\n\t\t\t\t\t<\/details>\n\t\t\t\t\t<\/div>\n\t\t\t\t\t\t<\/div>\n\t\t\t\t\t<\/div>\n\t\t\t\t<\/div>\n\t\t\t\t<\/div>\n\t\t","protected":false},"excerpt":{"rendered":"<p>SCHULBEGINN FLAM \/ SCHULBEGINN FLAM Der FLAM-Unterricht beginnt immer 2 Wochen nach dem der \u00f6ffentlichen Schule. Montag 1. September 2025 \/ Montag 1. September 2025:M\u00e4nnedorf Dienstag, 2. September 2025:Wallisellen Mittwoch 3. September 2025 \/ Mittwoch 3. September 2025:Z\u00fcrich-Friesenberg (D\u00f6ltschi) und Z\u00fcrich-M\u00fchlebach (M\u00fcnchhalde) Donnerstag 4. September 2025 \/ Donnerstag 4. September 2025:K\u00fcsnacht &amp; Z\u00fcrich-Wollishofen Montag 22. [&hellip;]<\/p>\n","protected":false},"author":1,"featured_media":0,"parent":0,"menu_order":0,"comment_status":"closed","ping_status":"closed","template":"","meta":{"footnotes":""},"class_list":["post-2878","page","type-page","status-publish","hentry"],"_links":{"self":[{"href":"https:\/\/flam.ch\/de\/wp-json\/wp\/v2\/pages\/2878","targetHints":{"allow":["GET"]}}],"collection":[{"href":"https:\/\/flam.ch\/de\/wp-json\/wp\/v2\/pages"}],"about":[{"href":"https:\/\/flam.ch\/de\/wp-json\/wp\/v2\/types\/page"}],"author":[{"embeddable":true,"href":"https:\/\/flam.ch\/de\/wp-json\/wp\/v2\/users\/1"}],"replies":[{"embeddable":true,"href":"https:\/\/flam.ch\/de\/wp-json\/wp\/v2\/comments?post=2878"}],"version-history":[{"count":7,"href":"https:\/\/flam.ch\/de\/wp-json\/wp\/v2\/pages\/2878\/revisions"}],"predecessor-version":[{"id":3138,"href":"https:\/\/flam.ch\/de\/wp-json\/wp\/v2\/pages\/2878\/revisions\/3138"}],"wp:attachment":[{"href":"https:\/\/flam.ch\/de\/wp-json\/wp\/v2\/media?parent=2878"}],"curies":[{"name":"wp","href":"https:\/\/api.w.org\/{rel}","templated":true}]}}