{"id":2906,"date":"2025-09-08T11:22:19","date_gmt":"2025-09-08T09:22:19","guid":{"rendered":"https:\/\/flam.ch\/und-auch\/franzoesischsprachige-akteure-in-zuerich-umgebung\/"},"modified":"2025-12-12T16:43:59","modified_gmt":"2025-12-12T14:43:59","slug":"franzoesischsprachige-akteure-in-zuerich-umgebung","status":"publish","type":"page","link":"https:\/\/flam.ch\/de\/und-auch\/franzoesischsprachige-akteure-in-zuerich-umgebung\/","title":{"rendered":"Franz\u00f6sischsprachige Akteure in Z\u00fcrich &amp; Umgebung"},"content":{"rendered":"\t\t<div data-elementor-type=\"wp-page\" data-elementor-id=\"2906\" class=\"elementor elementor-2906 elementor-2442\" data-elementor-post-type=\"page\">\n\t\t\t\t<div data-dce-background-image-url=\"https:\/\/flam.ch\/wp-content\/uploads\/2025\/07\/FLAM01.jpg\" class=\"elementor-element elementor-element-ca9c08f e-flex e-con-boxed e-con e-parent\" data-id=\"ca9c08f\" data-element_type=\"container\" data-e-type=\"container\" data-settings=\"{&quot;background_background&quot;:&quot;classic&quot;}\">\n\t\t\t\t\t<div class=\"e-con-inner\">\n\t\t\t\t<div class=\"elementor-element elementor-element-3155f06 elementor-widget__width-inherit elementor-widget elementor-widget-heading\" data-id=\"3155f06\" data-element_type=\"widget\" data-e-type=\"widget\" data-widget_type=\"heading.default\">\n\t\t\t\t\t<h2 class=\"elementor-heading-title elementor-size-default\">Franz\u00f6sischsprachige Akteure in Z\u00fcrich &amp; Umgebung<\/h2>\t\t\t\t<\/div>\n\t\t\t\t\t<\/div>\n\t\t\t\t<\/div>\n\t\t<div data-dce-background-overlay-color=\"#FFFFFF00\" data-dce-background-image-url=\"https:\/\/flam.ch\/wp-content\/uploads\/2025\/07\/FLAM-background.jpg\" class=\"elementor-element elementor-element-54dd4ed e-con-full right-padding e-flex e-con e-parent\" data-id=\"54dd4ed\" data-element_type=\"container\" data-e-type=\"container\" data-settings=\"{&quot;background_background&quot;:&quot;classic&quot;}\">\n\t\t<div class=\"elementor-element elementor-element-0d827ca e-con-full e-flex e-con e-child\" data-id=\"0d827ca\" data-element_type=\"container\" data-e-type=\"container\" id=\"sidebar\">\n\t\t\t\t<div data-dce-title-color=\"#434A4C\" class=\"elementor-element elementor-element-5e869a0 elementor-widget elementor-widget-heading\" data-id=\"5e869a0\" data-element_type=\"widget\" data-e-type=\"widget\" data-widget_type=\"heading.default\">\n\t\t\t\t\t<h2 class=\"elementor-heading-title elementor-size-default\">Und auch<\/h2>\t\t\t\t<\/div>\n\t\t\t\t<div class=\"elementor-element elementor-element-e95f9b7 elementor-widget__width-inherit elementor-widget-divider--view-line elementor-widget elementor-widget-divider\" data-id=\"e95f9b7\" data-element_type=\"widget\" data-e-type=\"widget\" data-widget_type=\"divider.default\">\n\t\t\t\t\t\t\t<div class=\"elementor-divider\">\n\t\t\t<span class=\"elementor-divider-separator\">\n\t\t\t\t\t\t<\/span>\n\t\t<\/div>\n\t\t\t\t\t\t<\/div>\n\t\t\t\t<div class=\"elementor-element elementor-element-a45c122 elementor-widget elementor-widget-wp-widget-nav_menu\" data-id=\"a45c122\" data-element_type=\"widget\" data-e-type=\"widget\" data-widget_type=\"wp-widget-nav_menu.default\">\n\t\t\t\t<div class=\"elementor-widget-container\">\n\t\t\t\t\t<nav class=\"menu-sidebar-et-aussi-german-container\" aria-label=\"Men\u00fc\"><ul id=\"menu-sidebar-et-aussi-german\" class=\"menu\"><li id=\"menu-item-2980\" class=\"menu-item menu-item-type-post_type menu-item-object-page menu-item-2980\"><a href=\"https:\/\/flam.ch\/de\/und-auch\/aktivitaeten\/\">Aktivit\u00e4ten<\/a><\/li>\n<li id=\"menu-item-2981\" class=\"menu-item menu-item-type-post_type menu-item-object-page menu-item-2981\"><a href=\"https:\/\/flam.ch\/de\/und-auch\/frankophone-kulturaktivitaeten\/\">Frankophone Kulturaktivit\u00e4ten<\/a><\/li>\n<li id=\"menu-item-2982\" class=\"menu-item menu-item-type-post_type menu-item-object-page menu-item-2982\"><a href=\"https:\/\/flam.ch\/de\/und-auch\/franzoesischsprachige-akteure-in-zuerich-umgebung\/\">Franz\u00f6sischsprachige Akteure in Z\u00fcrich &amp; Umgebung<\/a><\/li>\n<li id=\"menu-item-2983\" class=\"menu-item menu-item-type-post_type menu-item-object-page menu-item-2983\"><a href=\"https:\/\/flam.ch\/de\/und-auch\/franzoesische-verwaltungen-in-der-schweiz\/\">Franz\u00f6sische Verwaltungen in der Schweiz<\/a><\/li>\n<\/ul><\/nav>\t\t\t\t<\/div>\n\t\t\t\t<\/div>\n\t\t\t\t<\/div>\n\t\t<div class=\"elementor-element elementor-element-414e80f e-con-full e-flex e-con e-child\" data-id=\"414e80f\" data-element_type=\"container\" data-e-type=\"container\">\n\t\t\t\t<div class=\"elementor-element elementor-element-b8068d7 elementor-widget__width-inherit elementor-widget elementor-widget-heading\" data-id=\"b8068d7\" data-element_type=\"widget\" data-e-type=\"widget\" data-widget_type=\"heading.default\">\n\t\t\t\t\t<h2 class=\"elementor-heading-title elementor-size-default\">FRANZ\u00d6SISCHSPRACHIGE AKTEURE IN Z\u00dcRICH &amp; UMGEBUNG<\/h2>\t\t\t\t<\/div>\n\t\t<div class=\"elementor-element elementor-element-f46ad21 e-con-full e-flex e-con e-child\" data-id=\"f46ad21\" data-element_type=\"container\" data-e-type=\"container\">\n\t\t\t\t<div class=\"elementor-element elementor-element-691c064 elementor-widget__width-initial elementor-widget elementor-widget-image\" data-id=\"691c064\" data-element_type=\"widget\" data-e-type=\"widget\" data-widget_type=\"image.default\">\n\t\t\t\t\t\t\t\t\t\t\t\t\t\t\t<img decoding=\"async\" width=\"163\" height=\"237\" src=\"https:\/\/flam.ch\/wp-content\/uploads\/2025\/09\/logo-AuxArtsEtc_1457121258.jpg\" class=\"attachment-large size-large wp-image-2910\" alt=\"\" \/>\t\t\t\t\t\t\t\t\t\t\t\t\t\t\t<\/div>\n\t\t<div class=\"elementor-element elementor-element-a8c4ba6 e-con-full e-flex e-con e-child\" data-id=\"a8c4ba6\" data-element_type=\"container\" data-e-type=\"container\">\n\t\t\t\t<div class=\"elementor-element elementor-element-3148ede elementor-widget elementor-widget-heading\" data-id=\"3148ede\" data-element_type=\"widget\" data-e-type=\"widget\" data-widget_type=\"heading.default\">\n\t\t\t\t\t<h3 class=\"elementor-heading-title elementor-size-default\">\nZU KUNST ETC\u2026<\/h3>\t\t\t\t<\/div>\n\t\t\t\t<div class=\"elementor-element elementor-element-2afcc76 elementor-widget-divider--view-line elementor-widget elementor-widget-divider\" data-id=\"2afcc76\" data-element_type=\"widget\" data-e-type=\"widget\" data-widget_type=\"divider.default\">\n\t\t\t\t\t\t\t<div class=\"elementor-divider\">\n\t\t\t<span class=\"elementor-divider-separator\">\n\t\t\t\t\t\t<\/span>\n\t\t<\/div>\n\t\t\t\t\t\t<\/div>\n\t\t\t\t<div class=\"elementor-element elementor-element-bbc4474 elementor-widget elementor-widget-text-editor\" data-id=\"bbc4474\" data-element_type=\"widget\" data-e-type=\"widget\" data-widget_type=\"text-editor.default\">\n\t\t\t\t\t\t\t\t\t<p>Erfahren Sie alles \u00fcber kulturelle Veranstaltungen und Ereignisse in Z\u00fcrich und Umgebung.<\/p><h6><a href=\"http:\/\/www.auxartsetc.ch\/\" target=\"_blank\" rel=\"noopener nofollow\">www.auxartsetc.ch<\/a><\/h6>\t\t\t\t\t\t\t\t<\/div>\n\t\t\t\t<\/div>\n\t\t\t\t<\/div>\n\t\t<div class=\"elementor-element elementor-element-1178131 e-con-full e-flex e-con e-child\" data-id=\"1178131\" data-element_type=\"container\" data-e-type=\"container\">\n\t\t\t\t<div class=\"elementor-element elementor-element-2df0da3 elementor-widget__width-initial elementor-widget elementor-widget-image\" data-id=\"2df0da3\" data-element_type=\"widget\" data-e-type=\"widget\" data-widget_type=\"image.default\">\n\t\t\t\t\t\t\t\t\t\t\t\t\t\t\t<img fetchpriority=\"high\" decoding=\"async\" width=\"306\" height=\"244\" src=\"https:\/\/flam.ch\/wp-content\/uploads\/2025\/09\/Capture-decran-2018-10-24-a-09.40.46-1.png\" class=\"attachment-large size-large wp-image-2907\" alt=\"\" srcset=\"https:\/\/flam.ch\/wp-content\/uploads\/2025\/09\/Capture-decran-2018-10-24-a-09.40.46-1.png 306w, https:\/\/flam.ch\/wp-content\/uploads\/2025\/09\/Capture-decran-2018-10-24-a-09.40.46-1-300x239.png 300w\" sizes=\"(max-width: 306px) 100vw, 306px\" \/>\t\t\t\t\t\t\t\t\t\t\t\t\t\t\t<\/div>\n\t\t<div class=\"elementor-element elementor-element-51f09cd e-con-full e-flex e-con e-child\" data-id=\"51f09cd\" data-element_type=\"container\" data-e-type=\"container\">\n\t\t\t\t<div class=\"elementor-element elementor-element-99b4d5c elementor-widget elementor-widget-heading\" data-id=\"99b4d5c\" data-element_type=\"widget\" data-e-type=\"widget\" data-widget_type=\"heading.default\">\n\t\t\t\t\t<h3 class=\"elementor-heading-title elementor-size-default\">\nMUSIKFEST Z\u00dcRICH<\/h3>\t\t\t\t<\/div>\n\t\t\t\t<div class=\"elementor-element elementor-element-e5add45 elementor-widget-divider--view-line elementor-widget elementor-widget-divider\" data-id=\"e5add45\" data-element_type=\"widget\" data-e-type=\"widget\" data-widget_type=\"divider.default\">\n\t\t\t\t\t\t\t<div class=\"elementor-divider\">\n\t\t\t<span class=\"elementor-divider-separator\">\n\t\t\t\t\t\t<\/span>\n\t\t<\/div>\n\t\t\t\t\t\t<\/div>\n\t\t\t\t<div class=\"elementor-element elementor-element-7efd780 elementor-widget elementor-widget-text-editor\" data-id=\"7efd780\" data-element_type=\"widget\" data-e-type=\"widget\" data-widget_type=\"text-editor.default\">\n\t\t\t\t\t\t\t\t\t<p>Der Treffpunkt f\u00fcr alle Musikliebhaber in Z\u00fcrich.<\/p><p><a href=\"https:\/\/www.fmzh.ch\/\" rel=\"nofollow noopener\" target=\"_blank\">https:\/\/www.fmzh.ch\/<\/a><\/p>\t\t\t\t\t\t\t\t<\/div>\n\t\t\t\t<\/div>\n\t\t\t\t<\/div>\n\t\t<div class=\"elementor-element elementor-element-2f6855e e-con-full e-flex e-con e-child\" data-id=\"2f6855e\" data-element_type=\"container\" data-e-type=\"container\">\n\t\t\t\t<div class=\"elementor-element elementor-element-5711bfb elementor-widget__width-initial elementor-widget elementor-widget-image\" data-id=\"5711bfb\" data-element_type=\"widget\" data-e-type=\"widget\" data-widget_type=\"image.default\">\n\t\t\t\t\t\t\t\t\t\t\t\t\t\t\t<img decoding=\"async\" width=\"200\" height=\"213\" src=\"https:\/\/flam.ch\/wp-content\/uploads\/2025\/09\/logo-AmisPetitsLutins.jpg\" class=\"attachment-large size-large wp-image-2909\" alt=\"\" \/>\t\t\t\t\t\t\t\t\t\t\t\t\t\t\t<\/div>\n\t\t<div class=\"elementor-element elementor-element-4ccad06 e-con-full e-flex e-con e-child\" data-id=\"4ccad06\" data-element_type=\"container\" data-e-type=\"container\">\n\t\t\t\t<div class=\"elementor-element elementor-element-2885d06 elementor-widget elementor-widget-heading\" data-id=\"2885d06\" data-element_type=\"widget\" data-e-type=\"widget\" data-widget_type=\"heading.default\">\n\t\t\t\t\t<h3 class=\"elementor-heading-title elementor-size-default\">DIE FREUNDE DER KLEINEN WICHTEL<\/h3>\t\t\t\t<\/div>\n\t\t\t\t<div class=\"elementor-element elementor-element-144e34e elementor-widget-divider--view-line elementor-widget elementor-widget-divider\" data-id=\"144e34e\" data-element_type=\"widget\" data-e-type=\"widget\" data-widget_type=\"divider.default\">\n\t\t\t\t\t\t\t<div class=\"elementor-divider\">\n\t\t\t<span class=\"elementor-divider-separator\">\n\t\t\t\t\t\t<\/span>\n\t\t<\/div>\n\t\t\t\t\t\t<\/div>\n\t\t\t\t<div class=\"elementor-element elementor-element-8813f16 elementor-widget elementor-widget-text-editor\" data-id=\"8813f16\" data-element_type=\"widget\" data-e-type=\"widget\" data-widget_type=\"text-editor.default\">\n\t\t\t\t\t\t\t\t\t<p>Der Verein bietet Aktivit\u00e4ten f\u00fcr franz\u00f6sischsprachige Eltern und Kinder aus Winterthur und dem Grossraum Z\u00fcrich an.<\/p><h6><a href=\"http:\/\/www.lespetitslutins.ch\/l-association\/\" target=\"_blank\" rel=\"noopener nofollow\">www.lespetitslutins.ch\/l-association<\/a><\/h6>\t\t\t\t\t\t\t\t<\/div>\n\t\t\t\t<\/div>\n\t\t\t\t<\/div>\n\t\t<div class=\"elementor-element elementor-element-4256f69 e-con-full e-flex e-con e-child\" data-id=\"4256f69\" data-element_type=\"container\" data-e-type=\"container\">\n\t\t\t\t<div class=\"elementor-element elementor-element-dfc98ae elementor-widget__width-initial elementor-widget elementor-widget-image\" data-id=\"dfc98ae\" data-element_type=\"widget\" data-e-type=\"widget\" data-widget_type=\"image.default\">\n\t\t\t\t\t\t\t\t\t\t\t\t\t\t\t<img loading=\"lazy\" decoding=\"async\" width=\"71\" height=\"73\" src=\"https:\/\/flam.ch\/wp-content\/uploads\/2025\/09\/Logo_jeudis_seul.jpg\" class=\"attachment-large size-large wp-image-2908\" alt=\"\" \/>\t\t\t\t\t\t\t\t\t\t\t\t\t\t\t<\/div>\n\t\t<div class=\"elementor-element elementor-element-b2162e5 e-con-full e-flex e-con e-child\" data-id=\"b2162e5\" data-element_type=\"container\" data-e-type=\"container\">\n\t\t\t\t<div class=\"elementor-element elementor-element-11c456f elementor-widget elementor-widget-heading\" data-id=\"11c456f\" data-element_type=\"widget\" data-e-type=\"widget\" data-widget_type=\"heading.default\">\n\t\t\t\t\t<h3 class=\"elementor-heading-title elementor-size-default\">DIE FRANKOPHONEN DONNERSTAGE<\/h3>\t\t\t\t<\/div>\n\t\t\t\t<div class=\"elementor-element elementor-element-0ff8e95 elementor-widget-divider--view-line elementor-widget elementor-widget-divider\" data-id=\"0ff8e95\" data-element_type=\"widget\" data-e-type=\"widget\" data-widget_type=\"divider.default\">\n\t\t\t\t\t\t\t<div class=\"elementor-divider\">\n\t\t\t<span class=\"elementor-divider-separator\">\n\t\t\t\t\t\t<\/span>\n\t\t<\/div>\n\t\t\t\t\t\t<\/div>\n\t\t\t\t<div class=\"elementor-element elementor-element-263bc67 elementor-widget elementor-widget-text-editor\" data-id=\"263bc67\" data-element_type=\"widget\" data-e-type=\"widget\" data-widget_type=\"text-editor.default\">\n\t\t\t\t\t\t\t\t\t<p>Die franz\u00f6sischsprachige Gemeinschaft Z\u00fcrichs (regelm\u00e4ssige Treffen, Ausfl\u00fcge, Adressen, Kontakte).<\/p><h6><a href=\"http:\/\/www.jeudis.ch\/\" target=\"_blank\" rel=\"noopener nofollow\">www.jeudis.ch<\/a><\/h6>\t\t\t\t\t\t\t\t<\/div>\n\t\t\t\t<\/div>\n\t\t\t\t<\/div>\n\t\t<div class=\"elementor-element elementor-element-fc93f58 e-con-full e-flex e-con e-child\" data-id=\"fc93f58\" data-element_type=\"container\" data-e-type=\"container\">\n\t\t\t\t<div class=\"elementor-element elementor-element-b01464e elementor-widget__width-initial elementor-widget elementor-widget-image\" data-id=\"b01464e\" data-element_type=\"widget\" data-e-type=\"widget\" data-widget_type=\"image.default\">\n\t\t\t\t\t\t\t\t\t\t\t\t\t\t\t<img loading=\"lazy\" decoding=\"async\" width=\"217\" height=\"223\" src=\"https:\/\/flam.ch\/wp-content\/uploads\/2025\/09\/Logo_LFZ_seul.png\" class=\"attachment-large size-large wp-image-2912\" alt=\"\" \/>\t\t\t\t\t\t\t\t\t\t\t\t\t\t\t<\/div>\n\t\t<div class=\"elementor-element elementor-element-5e2d122 e-con-full e-flex e-con e-child\" data-id=\"5e2d122\" data-element_type=\"container\" data-e-type=\"container\">\n\t\t\t\t<div class=\"elementor-element elementor-element-cd8b224 elementor-widget elementor-widget-heading\" data-id=\"cd8b224\" data-element_type=\"widget\" data-e-type=\"widget\" data-widget_type=\"heading.default\">\n\t\t\t\t\t<h3 class=\"elementor-heading-title elementor-size-default\">FRANZ\u00d6SISCHES LYZEUM MARIE CURIE Z\u00dcRICH<\/h3>\t\t\t\t<\/div>\n\t\t\t\t<div class=\"elementor-element elementor-element-69843bf elementor-widget-divider--view-line elementor-widget elementor-widget-divider\" data-id=\"69843bf\" data-element_type=\"widget\" data-e-type=\"widget\" data-widget_type=\"divider.default\">\n\t\t\t\t\t\t\t<div class=\"elementor-divider\">\n\t\t\t<span class=\"elementor-divider-separator\">\n\t\t\t\t\t\t<\/span>\n\t\t<\/div>\n\t\t\t\t\t\t<\/div>\n\t\t\t\t<div class=\"elementor-element elementor-element-e810469 elementor-widget elementor-widget-text-editor\" data-id=\"e810469\" data-element_type=\"widget\" data-e-type=\"widget\" data-widget_type=\"text-editor.default\">\n\t\t\t\t\t\t\t\t\t<p>Unterricht vom Kindergarten bis zum Abitur.<br>Zukunftstrasse 1<br>8600 D\u00fcbendorf<\/p><h6><a href=\"http:\/\/www.lfz.ch\/\" target=\"_blank\" rel=\"noopener nofollow\">www.lfz.ch<\/a><\/h6>\t\t\t\t\t\t\t\t<\/div>\n\t\t\t\t<\/div>\n\t\t\t\t<\/div>\n\t\t<div class=\"elementor-element elementor-element-6de44f1 e-con-full e-flex e-con e-child\" data-id=\"6de44f1\" data-element_type=\"container\" data-e-type=\"container\">\n\t\t\t\t<div class=\"elementor-element elementor-element-af601f9 elementor-widget__width-initial elementor-widget elementor-widget-image\" data-id=\"af601f9\" data-element_type=\"widget\" data-e-type=\"widget\" data-widget_type=\"image.default\">\n\t\t\t\t\t\t\t\t\t\t\t\t\t\t\t<img loading=\"lazy\" decoding=\"async\" width=\"94\" height=\"96\" src=\"https:\/\/flam.ch\/wp-content\/uploads\/2025\/09\/logo-AF.gif\" class=\"attachment-large size-large wp-image-2913\" alt=\"\" \/>\t\t\t\t\t\t\t\t\t\t\t\t\t\t\t<\/div>\n\t\t<div class=\"elementor-element elementor-element-d93e903 e-con-full e-flex e-con e-child\" data-id=\"d93e903\" data-element_type=\"container\" data-e-type=\"container\">\n\t\t\t\t<div class=\"elementor-element elementor-element-17ff56c elementor-widget elementor-widget-heading\" data-id=\"17ff56c\" data-element_type=\"widget\" data-e-type=\"widget\" data-widget_type=\"heading.default\">\n\t\t\t\t\t<h3 class=\"elementor-heading-title elementor-size-default\">\nDIE ALLIANCE FRAN\u00c7AISE Z\u00dcRICH<\/h3>\t\t\t\t<\/div>\n\t\t\t\t<div class=\"elementor-element elementor-element-9f222ca elementor-widget-divider--view-line elementor-widget elementor-widget-divider\" data-id=\"9f222ca\" data-element_type=\"widget\" data-e-type=\"widget\" data-widget_type=\"divider.default\">\n\t\t\t\t\t\t\t<div class=\"elementor-divider\">\n\t\t\t<span class=\"elementor-divider-separator\">\n\t\t\t\t\t\t<\/span>\n\t\t<\/div>\n\t\t\t\t\t\t<\/div>\n\t\t\t\t<div class=\"elementor-element elementor-element-cb4d5e8 elementor-widget elementor-widget-text-editor\" data-id=\"cb4d5e8\" data-element_type=\"widget\" data-e-type=\"widget\" data-widget_type=\"text-editor.default\">\n\t\t\t\t\t\t\t\t\t<p>Bietet Franz\u00f6sischkurse als \u201eFremdsprache\u201c gem\u00e4ss dem Gemeinsamen Europ\u00e4ischen Referenzrahmen des Europarates, Franz\u00f6sischunterricht in einem multikulturellen Kontext, eine Bibliothek, ein vielf\u00e4ltiges Kulturprogramm und vor allem einen pers\u00f6nlichen und freundlichen Empfang in ihren R\u00e4umlichkeiten in Z\u00fcrich.<\/p><h6><a href=\"http:\/\/www.afz.ch\/\" target=\"_blank\" rel=\"noopener nofollow\">www.afz.ch<\/a><\/h6>\t\t\t\t\t\t\t\t<\/div>\n\t\t\t\t<\/div>\n\t\t\t\t<\/div>\n\t\t<div class=\"elementor-element elementor-element-c6461cb e-con-full e-flex e-con e-child\" data-id=\"c6461cb\" data-element_type=\"container\" data-e-type=\"container\">\n\t\t\t\t<div class=\"elementor-element elementor-element-15fc070 elementor-widget__width-initial elementor-widget elementor-widget-image\" data-id=\"15fc070\" data-element_type=\"widget\" data-e-type=\"widget\" data-widget_type=\"image.default\">\n\t\t\t\t\t\t\t\t\t\t\t\t\t\t\t<img loading=\"lazy\" decoding=\"async\" width=\"133\" height=\"90\" src=\"https:\/\/flam.ch\/wp-content\/uploads\/2025\/09\/Logo-UFE.jpg\" class=\"attachment-large size-large wp-image-2914\" alt=\"\" \/>\t\t\t\t\t\t\t\t\t\t\t\t\t\t\t<\/div>\n\t\t<div class=\"elementor-element elementor-element-a42934e e-con-full e-flex e-con e-child\" data-id=\"a42934e\" data-element_type=\"container\" data-e-type=\"container\">\n\t\t\t\t<div class=\"elementor-element elementor-element-01ed476 elementor-widget elementor-widget-heading\" data-id=\"01ed476\" data-element_type=\"widget\" data-e-type=\"widget\" data-widget_type=\"heading.default\">\n\t\t\t\t\t<h3 class=\"elementor-heading-title elementor-size-default\">DIE UNION DER FRANZOSEN IM AUSLAND<\/h3>\t\t\t\t<\/div>\n\t\t\t\t<div class=\"elementor-element elementor-element-a3e0380 elementor-widget-divider--view-line elementor-widget elementor-widget-divider\" data-id=\"a3e0380\" data-element_type=\"widget\" data-e-type=\"widget\" data-widget_type=\"divider.default\">\n\t\t\t\t\t\t\t<div class=\"elementor-divider\">\n\t\t\t<span class=\"elementor-divider-separator\">\n\t\t\t\t\t\t<\/span>\n\t\t<\/div>\n\t\t\t\t\t\t<\/div>\n\t\t\t\t<div class=\"elementor-element elementor-element-ddaaccf elementor-widget elementor-widget-text-editor\" data-id=\"ddaaccf\" data-element_type=\"widget\" data-e-type=\"widget\" data-widget_type=\"text-editor.default\">\n\t\t\t\t\t\t\t\t\t<p>Als gemeinn\u00fctziger Verein anerkannt, vereint die Union des Fran\u00e7ais de l\u2019\u00c9tranger de Zurich (UFEZ) Franzosen, Frankophone und Frankophile, die in den Kantonen der Deutschschweiz (ausser Basel) und im Tessin sowie in Liechtenstein leben. Das Team der UFEZ, das ausschliesslich aus gut integrierten Freiwilligen in der Schweiz besteht, setzt sich daf\u00fcr ein, deren Interessen zu verteidigen und sie im Alltag zu unterst\u00fctzen. Der Verein organisiert regelm\u00e4ssig kulturelle, gesellige oder informative Veranstaltungen.  <\/p><h6><a href=\"https:\/\/francaisdesuisse.ch\/\" target=\"_blank\" rel=\"noopener nofollow\">www.francaisdesuisse.ch<\/a><\/h6>\t\t\t\t\t\t\t\t<\/div>\n\t\t\t\t<\/div>\n\t\t\t\t<\/div>\n\t\t<div class=\"elementor-element elementor-element-e3bbb76 e-con-full e-flex e-con e-child\" data-id=\"e3bbb76\" data-element_type=\"container\" data-e-type=\"container\">\n\t\t\t\t<div class=\"elementor-element elementor-element-ff03e52 elementor-widget__width-initial elementor-widget elementor-widget-image\" data-id=\"ff03e52\" data-element_type=\"widget\" data-e-type=\"widget\" data-widget_type=\"image.default\">\n\t\t\t\t\t\t\t\t\t\t\t\t\t\t\t<img loading=\"lazy\" decoding=\"async\" width=\"121\" height=\"120\" src=\"https:\/\/flam.ch\/wp-content\/uploads\/2025\/09\/Logo_Zurich_accueil.jpg\" class=\"attachment-large size-large wp-image-2911\" alt=\"\" \/>\t\t\t\t\t\t\t\t\t\t\t\t\t\t\t<\/div>\n\t\t<div class=\"elementor-element elementor-element-eeca1fe e-con-full e-flex e-con e-child\" data-id=\"eeca1fe\" data-element_type=\"container\" data-e-type=\"container\">\n\t\t\t\t<div class=\"elementor-element elementor-element-7a4840d elementor-widget elementor-widget-heading\" data-id=\"7a4840d\" data-element_type=\"widget\" data-e-type=\"widget\" data-widget_type=\"heading.default\">\n\t\t\t\t\t<h3 class=\"elementor-heading-title elementor-size-default\">Z\u00dcRICH ACCUEIL<\/h3>\t\t\t\t<\/div>\n\t\t\t\t<div class=\"elementor-element elementor-element-25fd776 elementor-widget-divider--view-line elementor-widget elementor-widget-divider\" data-id=\"25fd776\" data-element_type=\"widget\" data-e-type=\"widget\" data-widget_type=\"divider.default\">\n\t\t\t\t\t\t\t<div class=\"elementor-divider\">\n\t\t\t<span class=\"elementor-divider-separator\">\n\t\t\t\t\t\t<\/span>\n\t\t<\/div>\n\t\t\t\t\t\t<\/div>\n\t\t\t\t<div class=\"elementor-element elementor-element-b8f0ffc elementor-widget elementor-widget-text-editor\" data-id=\"b8f0ffc\" data-element_type=\"widget\" data-e-type=\"widget\" data-widget_type=\"text-editor.default\">\n\t\t\t\t\t\t\t\t\t<p>Verein f\u00fcr die Frankophonen Z\u00fcrichs. Frankophone empfangen, unterst\u00fctzen und integrieren. Viele Aktivit\u00e4ten f\u00fcr jeden Geschmack, die zahlreiche Gelegenheiten bieten, Frankophone zu treffen.  <\/p><h6><a href=\"http:\/\/www.zurichaccueil.ch\/\" target=\"_blank\" rel=\"noopener nofollow\">www.zurichaccueil.ch<\/a><\/h6>\t\t\t\t\t\t\t\t<\/div>\n\t\t\t\t<\/div>\n\t\t\t\t<\/div>\n\t\t\t\t<\/div>\n\t\t\t\t<\/div>\n\t\t\t\t<\/div>\n\t\t","protected":false},"excerpt":{"rendered":"<p>Und auch FRANZ\u00d6SISCHSPRACHIGE AKTEURE IN Z\u00dcRICH &amp; UMGEBUNG ZU KUNST ETC\u2026 Erfahren Sie alles \u00fcber kulturelle Veranstaltungen und Ereignisse in Z\u00fcrich und Umgebung. www.auxartsetc.ch MUSIKFEST Z\u00dcRICH Der Treffpunkt f\u00fcr alle Musikliebhaber in Z\u00fcrich. https:\/\/www.fmzh.ch\/ DIE FREUNDE DER KLEINEN WICHTEL Der Verein bietet Aktivit\u00e4ten f\u00fcr franz\u00f6sischsprachige Eltern und Kinder aus Winterthur und dem Grossraum Z\u00fcrich an. [&hellip;]<\/p>\n","protected":false},"author":1,"featured_media":0,"parent":2847,"menu_order":0,"comment_status":"closed","ping_status":"closed","template":"","meta":{"footnotes":""},"class_list":["post-2906","page","type-page","status-publish","hentry"],"_links":{"self":[{"href":"https:\/\/flam.ch\/de\/wp-json\/wp\/v2\/pages\/2906","targetHints":{"allow":["GET"]}}],"collection":[{"href":"https:\/\/flam.ch\/de\/wp-json\/wp\/v2\/pages"}],"about":[{"href":"https:\/\/flam.ch\/de\/wp-json\/wp\/v2\/types\/page"}],"author":[{"embeddable":true,"href":"https:\/\/flam.ch\/de\/wp-json\/wp\/v2\/users\/1"}],"replies":[{"embeddable":true,"href":"https:\/\/flam.ch\/de\/wp-json\/wp\/v2\/comments?post=2906"}],"version-history":[{"count":5,"href":"https:\/\/flam.ch\/de\/wp-json\/wp\/v2\/pages\/2906\/revisions"}],"predecessor-version":[{"id":3111,"href":"https:\/\/flam.ch\/de\/wp-json\/wp\/v2\/pages\/2906\/revisions\/3111"}],"up":[{"embeddable":true,"href":"https:\/\/flam.ch\/de\/wp-json\/wp\/v2\/pages\/2847"}],"wp:attachment":[{"href":"https:\/\/flam.ch\/de\/wp-json\/wp\/v2\/media?parent=2906"}],"curies":[{"name":"wp","href":"https:\/\/api.w.org\/{rel}","templated":true}]}}