{"id":2961,"date":"2025-09-05T15:01:04","date_gmt":"2025-09-05T13:01:04","guid":{"rendered":"https:\/\/flam.ch\/eltern-workshop\/"},"modified":"2025-12-12T16:30:18","modified_gmt":"2025-12-12T14:30:18","slug":"eltern-workshop","status":"publish","type":"page","link":"https:\/\/flam.ch\/de\/eltern-workshop\/","title":{"rendered":"Eltern-Workshop"},"content":{"rendered":"\t\t<div data-elementor-type=\"wp-page\" data-elementor-id=\"2961\" class=\"elementor elementor-2961 elementor-2391\" data-elementor-post-type=\"page\">\n\t\t\t\t<div data-dce-background-image-url=\"https:\/\/flam.ch\/wp-content\/uploads\/2025\/07\/FLAM01.jpg\" class=\"elementor-element elementor-element-d9c2959 e-flex e-con-boxed e-con e-parent\" data-id=\"d9c2959\" data-element_type=\"container\" data-e-type=\"container\" data-settings=\"{&quot;background_background&quot;:&quot;classic&quot;}\">\n\t\t\t\t\t<div class=\"e-con-inner\">\n\t\t\t\t<div class=\"elementor-element elementor-element-70306d8 elementor-widget__width-inherit elementor-widget elementor-widget-heading\" data-id=\"70306d8\" data-element_type=\"widget\" data-e-type=\"widget\" data-widget_type=\"heading.default\">\n\t\t\t\t\t<h2 class=\"elementor-heading-title elementor-size-default\">Eltern-Workshop<\/h2>\t\t\t\t<\/div>\n\t\t\t\t\t<\/div>\n\t\t\t\t<\/div>\n\t\t<div data-dce-background-overlay-color=\"#FFFFFF00\" data-dce-background-image-url=\"https:\/\/flam.ch\/wp-content\/uploads\/2025\/07\/FLAM-background.jpg\" class=\"elementor-element elementor-element-bd1a4f4 e-flex e-con-boxed e-con e-parent\" data-id=\"bd1a4f4\" data-element_type=\"container\" data-e-type=\"container\" data-settings=\"{&quot;background_background&quot;:&quot;classic&quot;}\">\n\t\t\t\t\t<div class=\"e-con-inner\">\n\t\t\t\t<div class=\"elementor-element elementor-element-ec0c549 elementor-widget__width-inherit elementor-widget elementor-widget-heading\" data-id=\"ec0c549\" data-element_type=\"widget\" data-e-type=\"widget\" data-widget_type=\"heading.default\">\n\t\t\t\t\t<h2 class=\"elementor-heading-title elementor-size-default\">EINE ZWEISPRACHIGE ODER MEHRSPRACHIGE ERZIEHUNG IN DER FAMILIE. EINE FAMILIE, MEHRERE SPRACHEN...<\/h2>\t\t\t\t<\/div>\n\t\t\t\t<div class=\"elementor-element elementor-element-75abb53 elementor-widget elementor-widget-text-editor\" data-id=\"75abb53\" data-element_type=\"widget\" data-e-type=\"widget\" data-widget_type=\"text-editor.default\">\n\t\t\t\t\t\t\t\t\t<div id=\"panel-242-1-0-0\" class=\"so-panel widget widget_sow-editor panel-first-child\" data-index=\"1\">\n<div class=\"so-widget-sow-editor so-widget-sow-editor-base\">\n<div class=\"siteorigin-widget-tinymce textwidget\">\n<p><strong>Datum nach Absprache 2024\/2025 \u2013 Samstag von 9:30 bis 12:30 Uhr<\/strong><\/p>\n<p><strong>Ort: Z\u00fcrich (wird noch bekannt gegeben)<\/strong><br>Kostenlos (begrenzte Pl\u00e4tze)<br>Kinderbetreuung (max. 6 Pl\u00e4tze)<br><strong>Anmeldung erforderlich<\/strong> unter <a href=\"mailto:info@flam.ch\">info@flam.ch<\/a><\/p>\n<ul>\n<li><strong>Welche Sprache sollen wir mit unserem Kind sprechen?<\/strong><\/li>\n<li><strong>\u00dcberfordern wir es, indem wir zwei oder sogar mehrere Sprachen mit ihm sprechen?<\/strong><\/li>\n<li><strong>Kann Bilingualismus oder Multilingualismus Probleme in der Schule verursachen?<\/strong><\/li>\n<\/ul>\n<p>Mit diesem Begegnungsworkshop m\u00f6chten wir Sie dabei unterst\u00fctzen, die Sprachentwicklung Ihrer Kinder vom Kleinkindalter an spielerisch zu begleiten.<\/p>\n<p>Sie lernen, Mehrsprachigkeit als Chance zu nutzen, unterst\u00fctzt durch Kurzfilme zum fr\u00fchen Spracherwerb \u201eIch sehe etwas \/ Was siehst du?\u201c. <br>Sie erhalten praktische Tipps f\u00fcr den Alltag.<br>Eine Dokumentation zur bilingualen und multilingualen Erziehung sowie zu allen Bildungs- und Schulfragen (Materialien der Bildungsdirektion des Kantons Z\u00fcrich) wird zur Verf\u00fcgung gestellt.<\/p>\n<h3>PROGRAMM<\/h3>\n<\/div>\n<\/div>\n<\/div>\n<div id=\"panel-242-1-0-1\" class=\"so-panel widget widget_text panel-last-child\" data-index=\"2\">\n<div class=\"textwidget\">\n<table id=\"tablepress-2\" class=\"tablepress tablepress-id-2\">\n<tbody>\n<tr class=\"row-1\">\n<td class=\"column-1\">9:30 Uhr<\/td>\n<td class=\"column-2\">Empfang und Einf\u00fchrung<\/td>\n<\/tr>\n<tr class=\"row-2\">\n<td class=\"column-1\">10:00 Uhr<\/td>\n<td class=\"column-2\">Vortrag: \u201eWie Kinder zwei oder mehrere Sprachen lernen und welche Unterst\u00fctzung in der Familie notwendig ist\u201c.<br>Moderation:<br>Sylvie Boutard Conoscenti, Koordinatorin der FLAM-Kurse und LCO-Lehrerin f\u00fcr Franz\u00f6sisch im Kindergarten \u2013 Kanton Z\u00fcrich.<br>Antonella Ruetsch Dell\u2019Anna, autodidaktische Malerin und Moderatorin von \u201eMal- und Theater\u201c-Workshops im Kindergarten\/Primarbereich im Rahmen der ausserschulischen Aktivit\u00e4ten am Lyc\u00e9e fran\u00e7ais Marie Curie Z\u00fcrich.<\/td>\n<\/tr>\n<tr class=\"row-3\">\n<td class=\"column-1\">11:00 Uhr<\/td>\n<td class=\"column-2\">Pause<\/td>\n<\/tr>\n<tr class=\"row-4\">\n<td class=\"column-1\">11:15 Uhr<\/td>\n<td class=\"column-2\">Workshops \u2013 Diskussion<\/td>\n<\/tr>\n<tr class=\"row-5\">\n<td class=\"column-1\">12:15 Uhr<\/td>\n<td class=\"column-2\">Abschluss<\/td>\n<\/tr>\n<tr class=\"row-6\">\n<td class=\"column-1\">12:30 Uhr<\/td>\n<td class=\"column-2\">Ende der Veranstaltung<\/td>\n<\/tr>\n<\/tbody>\n<\/table>\n<\/div>\n<\/div>\t\t\t\t\t\t\t\t<\/div>\n\t\t\t\t\t<\/div>\n\t\t\t\t<\/div>\n\t\t\t\t<\/div>\n\t\t","protected":false},"excerpt":{"rendered":"<p>EINE ZWEISPRACHIGE ODER MEHRSPRACHIGE ERZIEHUNG IN DER FAMILIE. EINE FAMILIE, MEHRERE SPRACHEN&#8230; Datum nach Absprache 2024\/2025 \u2013 Samstag von 9:30 bis 12:30 Uhr Ort: Z\u00fcrich (wird noch bekannt gegeben)Kostenlos (begrenzte Pl\u00e4tze)Kinderbetreuung (max. 6 Pl\u00e4tze)Anmeldung erforderlich unter info@flam.ch Welche Sprache sollen wir mit unserem Kind sprechen? \u00dcberfordern wir es, indem wir zwei oder sogar mehrere Sprachen [&hellip;]<\/p>\n","protected":false},"author":1,"featured_media":0,"parent":0,"menu_order":0,"comment_status":"closed","ping_status":"closed","template":"","meta":{"footnotes":""},"class_list":["post-2961","page","type-page","status-publish","hentry"],"_links":{"self":[{"href":"https:\/\/flam.ch\/de\/wp-json\/wp\/v2\/pages\/2961","targetHints":{"allow":["GET"]}}],"collection":[{"href":"https:\/\/flam.ch\/de\/wp-json\/wp\/v2\/pages"}],"about":[{"href":"https:\/\/flam.ch\/de\/wp-json\/wp\/v2\/types\/page"}],"author":[{"embeddable":true,"href":"https:\/\/flam.ch\/de\/wp-json\/wp\/v2\/users\/1"}],"replies":[{"embeddable":true,"href":"https:\/\/flam.ch\/de\/wp-json\/wp\/v2\/comments?post=2961"}],"version-history":[{"count":4,"href":"https:\/\/flam.ch\/de\/wp-json\/wp\/v2\/pages\/2961\/revisions"}],"predecessor-version":[{"id":3060,"href":"https:\/\/flam.ch\/de\/wp-json\/wp\/v2\/pages\/2961\/revisions\/3060"}],"wp:attachment":[{"href":"https:\/\/flam.ch\/de\/wp-json\/wp\/v2\/media?parent=2961"}],"curies":[{"name":"wp","href":"https:\/\/api.w.org\/{rel}","templated":true}]}}