{"id":2968,"date":"2025-09-04T14:23:55","date_gmt":"2025-09-04T12:23:55","guid":{"rendered":"https:\/\/flam.ch\/impressum\/"},"modified":"2025-12-12T16:43:58","modified_gmt":"2025-12-12T14:43:58","slug":"impressum","status":"publish","type":"page","link":"https:\/\/flam.ch\/de\/impressum\/","title":{"rendered":"Impressum"},"content":{"rendered":"\t\t<div data-elementor-type=\"wp-page\" data-elementor-id=\"2968\" class=\"elementor elementor-2968 elementor-2010\" data-elementor-post-type=\"page\">\n\t\t\t\t<div data-dce-background-image-url=\"https:\/\/flam.ch\/wp-content\/uploads\/2025\/07\/FLAM01.jpg\" class=\"elementor-element elementor-element-032324c e-flex e-con-boxed e-con e-parent\" data-id=\"032324c\" data-element_type=\"container\" data-e-type=\"container\" data-settings=\"{&quot;background_background&quot;:&quot;classic&quot;}\">\n\t\t\t\t\t<div class=\"e-con-inner\">\n\t\t\t\t<div class=\"elementor-element elementor-element-f5192f8 elementor-widget__width-inherit elementor-widget elementor-widget-heading\" data-id=\"f5192f8\" data-element_type=\"widget\" data-e-type=\"widget\" data-widget_type=\"heading.default\">\n\t\t\t\t\t<h2 class=\"elementor-heading-title elementor-size-default\">Impressum<\/h2>\t\t\t\t<\/div>\n\t\t\t\t\t<\/div>\n\t\t\t\t<\/div>\n\t\t<div data-dce-background-overlay-color=\"#FFFFFF00\" data-dce-background-image-url=\"https:\/\/flam.ch\/wp-content\/uploads\/2025\/07\/FLAM-background.jpg\" class=\"elementor-element elementor-element-9f5338f e-flex e-con-boxed e-con e-parent\" data-id=\"9f5338f\" data-element_type=\"container\" data-e-type=\"container\" data-settings=\"{&quot;background_background&quot;:&quot;classic&quot;}\">\n\t\t\t\t\t<div class=\"e-con-inner\">\n\t\t\t\t<div class=\"elementor-element elementor-element-c63b03a elementor-widget__width-inherit elementor-widget elementor-widget-heading\" data-id=\"c63b03a\" data-element_type=\"widget\" data-e-type=\"widget\" data-widget_type=\"heading.default\">\n\t\t\t\t\t<h2 class=\"elementor-heading-title elementor-size-default\">Impressum<\/h2>\t\t\t\t<\/div>\n\t\t\t\t<div class=\"elementor-element elementor-element-edaa8b6 elementor-widget elementor-widget-text-editor\" data-id=\"edaa8b6\" data-element_type=\"widget\" data-e-type=\"widget\" data-widget_type=\"text-editor.default\">\n\t\t\t\t\t\t\t\t\t<p><b>Inhaltlich verantwortlich<\/b><\/p><p><span style=\"font-weight: 400;\">Verein FLAM Kurse<\/span><span style=\"font-weight: 400;\"><br><\/span><span style=\"font-weight: 400;\">Ruchstuckstrasse 6<br><\/span><span style=\"font-weight: 400;\"><span class=\"JpCtJf\"><span class=\"DkEaL\">8306 Wangen-Br\u00fcttisellen<\/span><\/span><\/span><span style=\"font-weight: 400;\"><br><\/span><a href=\"mailto:info@flam.ch\"><span style=\"font-weight: 400;\">info@flam.ch<\/span><\/a><\/p><p><b>Webseiten-Erstellung<\/b><\/p><p><span style=\"font-weight: 400;\">MOLINOTEQ GmbH<br>Ruchstuckstrasse 6<br><span class=\"JpCtJf\"><span class=\"DkEaL\">8306 Wangen-Br\u00fcttisellen<br><\/span><\/span><\/span><span style=\"font-weight: 400;\"><a href=\"https:\/\/molinoteq.ch\" rel=\"nofollow noopener\" target=\"_blank\">molinoteq.ch<\/a><\/span><\/p><p><b>Copyright<\/b><\/p><p><span style=\"font-weight: 400;\">Das Urheberrecht f\u00fcr alle Inhalte dieser Website liegt bei der Association Cours FLAM Z\u00fcrich.<\/span><\/p><p><b>Haftungsausschluss<\/b><\/p><p><span style=\"font-weight: 400;\">Alle Texte und Links wurden sorgf\u00e4ltig gepr\u00fcft und werden regelm\u00e4\u00dfig aktualisiert. Wir bem\u00fchen uns, auf dieser Website genaue und vollst\u00e4ndige Informationen zu ver\u00f6ffentlichen. Wir \u00fcbernehmen jedoch keine Haftung und geben keine Garantie f\u00fcr die Richtigkeit, Vollst\u00e4ndigkeit oder Aktualit\u00e4t dieser Informationen; dieser Vorbehalt gilt auch f\u00fcr Eintr\u00e4ge in der Datenbank. Wir behalten uns das Recht vor, den Inhalt der Website jederzeit und ohne Vorank\u00fcndigung zu \u00e4ndern und verpflichten uns nicht, die darin enthaltenen Informationen zu aktualisieren. Die Richtigkeit aller externen Links wurde zum Zeitpunkt ihrer Aufnahme \u00fcberpr\u00fcft. Wir \u00fcbernehmen jedoch keine Haftung f\u00fcr die Inhalte und die Verf\u00fcgbarkeit dieser \u00fcber Hyperlinks zug\u00e4nglichen Websites. Bei illegalen, fehlerhaften oder unvollst\u00e4ndigen Inhalten und insbesondere bei Sch\u00e4den, die aus der ungepr\u00fcften Nutzung von Inhalten auf verlinkten Seiten entstehen, haftet allein der Anbieter dieser Seiten. Dies gilt unabh\u00e4ngig von der Art des Schadens (direkt, indirekt oder finanziell) oder f\u00fcr jeden anderen Schaden, der durch Datenverlust, Nutzungsausfall oder aus anderen Gr\u00fcnden entstehen kann.       <\/span><\/p><h2>Datenschutzerkl\u00e4rung<\/h2><p><b>Allgemeine Informationen<\/b><\/p><p><span style=\"font-weight: 400;\">Die Betreiber dieser Websites nehmen den Schutz Ihrer pers\u00f6nlichen Daten sehr ernst. Wir behandeln Ihre personenbezogenen Daten vertraulich. <\/span><\/p><p><span style=\"font-weight: 400;\">Die Nutzung unserer Website ist grunds\u00e4tzlich ohne Angabe personenbezogener Daten m\u00f6glich. Soweit auf unseren Websites personenbezogene Daten (z. B. Name, Adresse oder E-Mail-Adressen) erhoben werden, erfolgt dies stets auf freiwilliger Basis. Diese Daten werden ohne Ihre ausdr\u00fcckliche Zustimmung nicht an Dritte weitergegeben.  <\/span><\/p><p><span style=\"font-weight: 400;\">Wir weisen darauf hin, dass die Daten\u00fcbertragung im Internet (z. B. die Kommunikation per E-Mail) Sicherheitsl\u00fccken aufweisen kann. Ein l\u00fcckenloser Schutz Ihrer Daten vor dem Zugriff durch Dritte ist nicht m\u00f6glich. <\/span><\/p><p><b>Cookies<\/b><\/p><p><span style=\"font-weight: 400;\">Die Website verwendet teilweise sogenannte Cookies. Cookies dienen dazu, unser Angebot nutzerfreundlicher, effektiver und sicherer zu machen. Cookies richten auf Ihrem Rechner keinen Schaden an und enthalten keine Viren. Cookies sind kleine Textdateien, die auf Ihrem Computer abgelegt und von Ihrem Browser gespeichert werden.   <\/span><\/p><p><span style=\"font-weight: 400;\">Die meisten der von uns verwendeten Cookies sind sogenannte \u201eSession-Cookies\u201c. Sie werden nach Ihrem Besuch automatisch gel\u00f6scht. Andere Cookies bleiben im Speicher Ihres Ger\u00e4ts, bis Sie sie l\u00f6schen. Diese Cookies erm\u00f6glichen es uns, Ihren Browser bei einem sp\u00e4teren Besuch wiederzuerkennen.   <\/span><\/p><p><span style=\"font-weight: 400;\">Sie k\u00f6nnen Ihren Browser so einstellen, dass Sie \u00fcber das Setzen von Cookies informiert werden, Cookies nur im Einzelfall erlauben, die Annahme von Cookies f\u00fcr bestimmte F\u00e4lle oder generell ausschlie\u00dfen sowie das automatische L\u00f6schen der Cookies beim Schlie\u00dfen des Browsers aktivieren. Bei der Deaktivierung von Cookies kann die Funktionalit\u00e4t dieser Website eingeschr\u00e4nkt sein. <\/span><\/p><p><b>Server-Logfiles<\/b><\/p><p><span style=\"font-weight: 400;\">Der Anbieter der Websites erhebt und speichert automatisch Informationen in sogenannten Server-Logfiles, die Ihr Browser automatisch an uns \u00fcbermittelt. Dies sind: <\/span><\/p><ul><li style=\"font-weight: 400;\"><span style=\"font-weight: 400;\">Browsertyp und Browserversion<\/span><\/li><li style=\"font-weight: 400;\"><span style=\"font-weight: 400;\">verwendetes Betriebssystem<\/span><\/li><li style=\"font-weight: 400;\"><span style=\"font-weight: 400;\">Referrer URL<\/span><\/li><li style=\"font-weight: 400;\"><span style=\"font-weight: 400;\">Hostname des zugreifenden Rechners<\/span><\/li><li style=\"font-weight: 400;\"><span style=\"font-weight: 400;\">Uhrzeit der Serveranfrage<\/span><\/li><\/ul><p><span style=\"font-weight: 400;\">Diese Daten sind nicht bestimmten Personen zuordenbar. Eine Zusammenf\u00fchrung dieser Daten mit anderen Datenquellen wird nicht vorgenommen. Wir behalten uns vor, diese Daten nachtr\u00e4glich zu pr\u00fcfen, wenn uns konkrete Anhaltspunkte f\u00fcr eine rechtswidrige Nutzung bekannt werden.<\/span><\/p><p><b>Google Analytics<\/b><\/p><p><span style=\"font-weight: 400;\">Diese Website nutzt Google Analytics, einen Webanalysedienst der Google Inc. \u201eGoogle\u201c. Google Analytics verwendet \u201eCookies\u201c, das sind Textdateien, die auf Ihrem Computer gespeichert werden und die eine Analyse Ihrer Benutzung der Website erm\u00f6glichen. Die durch die Cookies erzeugten Informationen \u00fcber Ihre Benutzung dieser Website werden in der Regel an einen Server von Google in den USA \u00fcbertragen und dort gespeichert. Die IP-Anonymisierung ist auf dieser Website aktiviert und Ihre IP-Adresse wird von Google innerhalb von Mitgliedstaaten der Europ\u00e4ischen Union oder in anderen Vertragsstaaten des Abkommens \u00fcber den Europ\u00e4ischen Wirtschaftsraum gek\u00fcrzt. Nur in Ausnahmef\u00e4llen wird die volle IP-Adresse an einen Server von Google in den USA \u00fcbertragen und dort gek\u00fcrzt. Google wird diese Informationen benutzen, um Ihre Nutzung der Website auszuwerten, um Reports \u00fcber die Websiteaktivit\u00e4ten f\u00fcr die Websitebetreiber zusammenzustellen und um weitere mit der Websitenutzung und der Internetnutzung verbundene Dienstleistungen zu erbringen. Auch wird Google diese Informationen gegebenenfalls an Dritte \u00fcbertragen, sofern dies gesetzlich vorgeschrieben ist oder soweit Dritte diese Daten im Auftrag von Google verarbeiten. Die im Rahmen von Google Analytics von Ihrem Browser \u00fcbermittelte IP-Adresse wird nicht mit anderen Daten von Google zusammengef\u00fchrt. Weitere Informationen zur Verarbeitung von Nutzerdaten durch Google Analytics findest du in der Datenschutzerkl\u00e4rung von Google: <\/span><a href=\"https:\/\/support.google.com\/analytics\/answer\/6004245?hl=fr\" rel=\"nofollow noopener\" target=\"_blank\"><span style=\"font-weight: 400;\">https:\/\/support.google.com\/analytics\/answer\/6004245?hl=fr<\/span><\/a><span style=\"font-weight: 400;\">.<\/span><\/p><p><span style=\"font-weight: 400;\">Du kannst die Speicherung von Cookies durch eine entsprechende Einstellung deiner Browser-Software verhindern. Wir weisen dich jedoch darauf hin, dass du in diesem Fall gegebenenfalls nicht s\u00e4mtliche Funktionen dieser Website vollumf\u00e4nglich nutzen kannst. Du kannst dar\u00fcber hinaus die Erfassung der durch das Cookie erzeugten und auf deine Nutzung der Website bezogenen Daten (inkl. deiner IP-Adresse) an Google sowie die Verarbeitung dieser Daten durch Google verhindern, indem du das unter dem folgenden Link verf\u00fcgbare Browser-Plugin herunterl\u00e4dst und installierst: <\/span><a href=\"http:\/\/tools.google.com\/dlpage\/gaoptout?hl=fr\" rel=\"nofollow noopener\" target=\"_blank\"><span style=\"font-weight: 400;\">http:\/\/tools.google.com\/dlpage\/gaoptout?hl=fr<\/span><\/a><\/p><p><b>Google Maps<\/b><\/p><p><span style=\"font-weight: 400;\">Gegebenenfalls nutzt diese Website das Produkt Google Maps von Google Inc. Durch die Nutzung dieser Website erkl\u00e4rst du dich mit der Erfassung, Bearbeitung sowie der Nutzung der automatisch erhobenen Daten durch Google Inc, deren Vertreter sowie Dritter einverstanden. Die Nutzungsbedingungen f\u00fcr Google Maps findest du unter <\/span><a href=\"https:\/\/www.google.com\/intl\/fr_fr\/help\/terms_maps.html\" rel=\"nofollow noopener\" target=\"_blank\"><span style=\"font-weight: 400;\">\u201eNutzungsbedingungen f\u00fcr Google Maps\u201c<\/span><\/a><span style=\"font-weight: 400;\">.<\/span><\/p><p><b>Kontaktformular<\/b><\/p><p><span style=\"font-weight: 400;\">Soweit die Website ein Kontaktformular bereitstellt, werden, wenn Sie uns Anfragen \u00fcber dieses Formular zukommen lassen, Ihre Angaben inklusive der von Ihnen dort angegebenen Kontaktdaten zwecks Bearbeitung der Anfrage und f\u00fcr den Fall von Anschlussfragen gespeichert. Diese Daten werden nicht ohne Ihre Einwilligung weitergegeben und vertraulich behandelt.<\/span><\/p><p><b>Auskunft, L\u00f6schung, Sperrung<\/b><\/p><p><span style=\"font-weight: 400;\">Sie erhalten Auskunft \u00fcber die zu Ihrer Person gespeicherten personenbezogenen Daten sowie \u00fcber Herkunft, Empf\u00e4nger und Zweck der Datenerhebung und -verarbeitung. Sie haben zudem das Recht, die Berichtigung, Sperrung oder L\u00f6schung Ihrer Daten zu verlangen. Dies gilt nicht f\u00fcr Daten, die aufgrund gesetzlicher Bestimmungen aufbewahrt werden oder f\u00fcr die ordnungsgem\u00e4\u00dfe Gesch\u00e4ftsabwicklung erforderlich sind. Die Daten werden zu Kontrollzwecken in einer gesch\u00fctzten Datei gespeichert, damit die Daten jederzeit gesperrt werden k\u00f6nnen. Werden die Daten nicht im Rahmen einer gesetzlichen Archivierungspflicht erhoben, l\u00f6schen wir Ihre Daten auf Wunsch. Gilt die Archivierungspflicht, sperren wir Ihre Daten. Bei Fragen oder Anliegen bez\u00fcglich der Berichtigung, Sperrung oder L\u00f6schung personenbezogener Daten wenden Sie sich bitte an unseren Datenschutzbeauftragten unter den in dieser Datenschutzerkl\u00e4rung angegebenen Kontaktdaten oder an die im Impressum angegebene Adresse.<\/span><\/p>\t\t\t\t\t\t\t\t<\/div>\n\t\t\t\t\t<\/div>\n\t\t\t\t<\/div>\n\t\t\t\t<\/div>\n\t\t","protected":false},"excerpt":{"rendered":"<p>Impressum Inhaltlich verantwortlich Verein FLAM KurseRuchstuckstrasse 68306 Wangen-Br\u00fcttiselleninfo@flam.ch Webseiten-Erstellung MOLINOTEQ GmbHRuchstuckstrasse 68306 Wangen-Br\u00fcttisellenmolinoteq.ch Copyright Das Urheberrecht f\u00fcr alle Inhalte dieser Website liegt bei der Association Cours FLAM Z\u00fcrich. Haftungsausschluss Alle Texte und Links wurden sorgf\u00e4ltig gepr\u00fcft und werden regelm\u00e4\u00dfig aktualisiert. Wir bem\u00fchen uns, auf dieser Website genaue und vollst\u00e4ndige Informationen zu ver\u00f6ffentlichen. Wir \u00fcbernehmen jedoch [&hellip;]<\/p>\n","protected":false},"author":1,"featured_media":0,"parent":0,"menu_order":0,"comment_status":"closed","ping_status":"closed","template":"","meta":{"footnotes":""},"class_list":["post-2968","page","type-page","status-publish","hentry"],"_links":{"self":[{"href":"https:\/\/flam.ch\/de\/wp-json\/wp\/v2\/pages\/2968","targetHints":{"allow":["GET"]}}],"collection":[{"href":"https:\/\/flam.ch\/de\/wp-json\/wp\/v2\/pages"}],"about":[{"href":"https:\/\/flam.ch\/de\/wp-json\/wp\/v2\/types\/page"}],"author":[{"embeddable":true,"href":"https:\/\/flam.ch\/de\/wp-json\/wp\/v2\/users\/1"}],"replies":[{"embeddable":true,"href":"https:\/\/flam.ch\/de\/wp-json\/wp\/v2\/comments?post=2968"}],"version-history":[{"count":5,"href":"https:\/\/flam.ch\/de\/wp-json\/wp\/v2\/pages\/2968\/revisions"}],"predecessor-version":[{"id":3110,"href":"https:\/\/flam.ch\/de\/wp-json\/wp\/v2\/pages\/2968\/revisions\/3110"}],"wp:attachment":[{"href":"https:\/\/flam.ch\/de\/wp-json\/wp\/v2\/media?parent=2968"}],"curies":[{"name":"wp","href":"https:\/\/api.w.org\/{rel}","templated":true}]}}